{"id":119,"date":"2023-07-03T18:58:12","date_gmt":"2023-07-03T21:58:12","guid":{"rendered":"https:\/\/menesianosoy.org\/?page_id=119"},"modified":"2026-02-01T15:55:27","modified_gmt":"2026-02-01T18:55:27","slug":"lema-anual","status":"publish","type":"page","link":"https:\/\/menesianosoy.org\/index.php\/lema-anual\/","title":{"rendered":"Lema Anual"},"content":{"rendered":"\n<h2 class=\"wp-block-heading has-text-align-left has-vivid-purple-color has-text-color has-link-color wp-elements-dd55a3743a42a37b33abbc9e3cfec606\">Lema 2026<\/h2>\n\n\n\n<figure class=\"wp-block-image size-large\"><img loading=\"lazy\" decoding=\"async\" width=\"1024\" height=\"439\" src=\"https:\/\/menesianosoy.org\/wp-content\/uploads\/2026\/01\/LEMA-2026-1024x439.webp\" alt=\"\" class=\"wp-image-31503\" srcset=\"https:\/\/menesianosoy.org\/wp-content\/uploads\/2026\/01\/LEMA-2026-1024x439.webp 1024w, https:\/\/menesianosoy.org\/wp-content\/uploads\/2026\/01\/LEMA-2026-300x129.webp 300w, https:\/\/menesianosoy.org\/wp-content\/uploads\/2026\/01\/LEMA-2026-768x329.webp 768w, https:\/\/menesianosoy.org\/wp-content\/uploads\/2026\/01\/LEMA-2026-1200x514.webp 1200w, https:\/\/menesianosoy.org\/wp-content\/uploads\/2026\/01\/LEMA-2026.webp 1400w\" sizes=\"auto, (max-width: 709px) 85vw, (max-width: 909px) 67vw, (max-width: 1362px) 62vw, 840px\" \/><\/figure>\n\n\n\n<figure class=\"wp-block-audio\"><audio controls src=\"https:\/\/menesianosoy.org\/wp-content\/uploads\/2026\/01\/Lema-2026.mp3.mp3\"><\/audio><\/figure>\n\n\n\n<h3 class=\"wp-block-heading has-text-align-left has-vivid-red-color has-text-color has-link-color wp-elements-ceb352f1c9227ac7747de7a21550dfc4\"><br><strong>\u201cUn mismo Esp\u00edritu para servir y amar\u201d<\/strong><\/h3>\n\n\n\n<p class=\"has-text-align-left\">Cada a\u00f1o, los menesianos del Cono Sur escogemos un lema que gu\u00eda nuestro andar y nos invita a entrar m\u00e1s hondo en el misterio de Jes\u00fas y de su Evangelio, para dejarnos transformar por \u00c9l.<br><br>En 2026, la vida pastoral de nuestras Comunidades Educativas ser\u00e1 impulsada por el lema:<strong> \u201cUn mismo Esp\u00edritu para servir y amar\u201d<\/strong>. Estas palabras no solo marcar\u00e1n nuestra ruta, sino que encender\u00e1n en nosotros el deseo de construir una fraternidad m\u00e1s amplia, m\u00e1s aut\u00e9ntica y m\u00e1s comprometida con la dignidad de toda persona. Queremos que este Esp\u00edritu \u2014que nos une, nos env\u00eda y nos renueva\u2014 tome forma concreta en nuestras comunidades menesianas, donde el servicio y el amor sean expresi\u00f3n viva de nuestra misi\u00f3n.<br><br>El lema, \u201c<strong>Un mismo Esp\u00edritu para servir y amar\u201d<\/strong>, expresa la esencia de la comunidad cristiana primitiva, que se caracterizaba por tener un mismo esp\u00edritu, reflejado en su amor y servicio mutuo:&nbsp;<em>\u201cLa multitud de los creyentes ten\u00eda un s\u00f3lo coraz\u00f3n y una sola alma\u2026\u201d<\/em>&nbsp;(Hechos 4, 32-37). El Santo Padre Le\u00f3n XIV nos recuerda: \u201cLa fraternidad es sin duda uno de los grandes desaf\u00edos para la humanidad contempor\u00e1nea. Se basa en el mandamiento de Jes\u00fas que nos am\u00f3 y se entreg\u00f3 por nosotros, as\u00ed podemos amarnos y dar la vida por los dem\u00e1s.\u201d (Cf. Audiencia General de este mi\u00e9rcoles, 12 de noviembre 2026)<br><br>El concepto de \u00abEsp\u00edritu\u00bb hace referencia, en este contexto, a la presencia de Dios, al Esp\u00edritu Santo, que gu\u00eda, ilumina y da fuerza a la vida y misi\u00f3n de la comunidad. Al hablar de \u00abun mismo Esp\u00edritu\u00bb, se subraya la unidad y la comuni\u00f3n entre los miembros de la comunidad, m\u00e1s all\u00e1 de sus diferencias. En la pedagog\u00eda menesiana, este \u00abEsp\u00edritu\u00bb se convierte en la fuente de inspiraci\u00f3n, que anima a todos a actuar con un mismo prop\u00f3sito, con coherencia y armon\u00eda en sus acciones.<br><br>Desde un punto de vista pedag\u00f3gico, se busca que este \u00abEsp\u00edritu\u00bb sea el centro del proceso educativo, es decir, que el amor, la solidaridad, la comprensi\u00f3n y el servicio sean los pilares de la ense\u00f1anza. La unidad hace que la comunidad educativa (profesores, estudiantes, padres, Hermanos) se enfoque en objetivos comunes que no solo buscan la excelencia acad\u00e9mica, sino fundamentalmente la formaci\u00f3n integral y humana de la persona.<br><br>El amor es central en la pedagog\u00eda menesiana. Este amor no es solo un sentimiento, sino una actitud activa de entrega y compromiso con los dem\u00e1s. Aqu\u00ed, el amor es visto como un principio pedag\u00f3gico clave, que inspira tanto el cuidado y la formaci\u00f3n del estudiante como el respeto a la dignidad humana. Es el amor que impulsa a los educadores a tratar a cada estudiante con empat\u00eda, comprensi\u00f3n y cercan\u00eda.<br><br>Adem\u00e1s, el amor tiene un componente comunitario: fomenta la cultura del respeto mutuo entre los miembros de la comunidad educativa, creando un ambiente donde cada persona es valorada en su unicidad. El lema hace referencia a un amor que no solo se queda en lo individual, sino que se proyecta hacia el otro, hacia la comunidad y hacia el mundo.<br><br>El servicio es el corolario natural del amor. En la pedagog\u00eda menesiana, el servicio implica no solo ense\u00f1ar, sino tambi\u00e9n servir al otro en su proceso de aprendizaje y crecimiento. Los educadores son llamados a ser gu\u00edas y modelos de servicio, transmitiendo conocimiento, acompa\u00f1ando y ayudando a los estudiantes a desarrollar valores, habilidades y actitudes que les permitan ser personas comprometidas con la sociedad.<br><br>El servicio implica tambi\u00e9n una mirada cr\u00edtica al contexto social, buscando formar personas que se comprometan con los m\u00e1s necesitados descentr\u00e1ndose de su propio bienestar y auto referencialidad. Esto est\u00e1 alineado con la espiritualidad menesiana, que pone en pr\u00e1ctica los valores del evangelio, como la humildad, los lazos de fraternidad, el perd\u00f3n, la empat\u00eda, la solidaridad y el trabajo colaborativo.<br><br>La fraternidad reclama un estilo de relaciones donde el que quiere ser el primero debe hacerse el servidor de todos (Mc. 9,35), porque el servicio es el term\u00f3metro que marca nuestra vivencia de la misma.<br><br>La combinaci\u00f3n de estos tres elementos: Esp\u00edritu, Amor y Servicio, en el lema tiene una profunda dimensi\u00f3n pedag\u00f3gica y espiritual.<br><br><strong>Pedag\u00f3gica:<\/strong>&nbsp;La educaci\u00f3n menesiana promueve a la persona en todas sus dimensiones: cuerpo, mente y coraz\u00f3n, y en su dignidad fundamental de hombre o mujer a imagen de Dios. El lema invita a un proceso educativo integral que tiene en cuenta el desarrollo de habilidades acad\u00e9micas, sociales, espirituales y el desarrollo de la personalidad del estudiante, fomentando en \u00e9l, el amor al pr\u00f3jimo y el compromiso social.<br><br><strong>Espiritual:<\/strong>&nbsp;La dimensi\u00f3n espiritual se encuentra en que el \u00abEsp\u00edritu\u00bb se convierte en la gu\u00eda suprema: en el \u00e1mbito de la fe y en la forma en que se vive la ense\u00f1anza y el aprendizaje. La espiritualidad menesiana est\u00e1 marcada por la vivencia de los valores cristianos en todos los aspectos de la vida: la humildad, la generosidad, la bondad, y el respeto por el otro.<br><br>En la pr\u00e1ctica, este lema invita a todos los miembros de la comunidad a ser conscientes de su responsabilidad hacia los dem\u00e1s, a vivir el amor y el servicio en su d\u00eda a d\u00eda, y a buscar siempre la unidad bajo el mismo Esp\u00edritu que anima la misi\u00f3n educativa. Se trata de una pedagog\u00eda de compromiso, de mirada hacia el otro, y de construcci\u00f3n de una sociedad m\u00e1s justa y fraterna.<br><br>El lema 2026&nbsp;<em>\u00abUn mismo Esp\u00edritu para servir y amar\u00bb&nbsp;<\/em>nos recuerda que la educaci\u00f3n y la espiritualidad no est\u00e1n separadas, sino que se complementan. La verdadera formaci\u00f3n humana se basa en el amor hacia los dem\u00e1s y en el servicio desinteresado, guiados por un mismo Esp\u00edritu que nos une.<\/p>\n\n\n\n<h3 class=\"wp-block-heading has-text-align-left has-vivid-red-color has-text-color has-link-color wp-elements-d0fd92288428b470be6fc5c2021ac860\"><br>Mirando el logo<\/h3>\n\n\n\n<p class=\"has-text-align-left\">En el dise\u00f1o aparece como elemento central el&nbsp;<strong>fuego del Esp\u00edritu<\/strong>, formado por cuatro&nbsp;<strong>llamas<\/strong>&nbsp;que representan a l<strong>os pa\u00edses del Distrito<\/strong>. Azul: Argentina, Verde: Bolivia, Rojo: Chile y Celeste: Uruguay. Cada llama tiene su propio color y forma, pero todas se&nbsp;<strong>integran en un \u00fanico fuego<\/strong>, s\u00edmbolo del&nbsp;<strong>Distrito Divina Providencia<\/strong>. Interact\u00faan, se entrelazan e incluso se mezclan, sin perder su identidad. Juntas expresan la comuni\u00f3n en la diversidad de las distintas comunidades que comparten un mismo Esp\u00edritu.<br><br>El conjunto del fuego est\u00e1 reforzado por la&nbsp;<strong>silueta de una paloma<\/strong>, representada en negativo, signo del&nbsp;<strong>Esp\u00edritu Santo<\/strong>. Aunque no se vea directamente, su presencia estructura toda la forma: act\u00faa, anima y sostiene, aun cuando no es evidente.<br><br>En el interior del fuego aparece el&nbsp;<strong>coraz\u00f3n<\/strong>, s\u00edmbolo del amor, tambi\u00e9n en espacio negativo. Aunque est\u00e1 impl\u00edcito, es el centro del dise\u00f1o, formado por la uni\u00f3n de todas las llamas. Adem\u00e1s de tener un mismo Esp\u00edritu, la comunidad menesiana quiere para este a\u00f1o, imitando a las primeras comunidades cristianas, que tengamos \u00abun solo coraz\u00f3n\u00bb. En su interior, la divisa de la congregaci\u00f3n, (D+S.&nbsp;<strong>Dios Solo<\/strong>) que se presenta en el coraz\u00f3n, puesto que es para nosotros el centro de nuestra identidad.<br><br>La llama inferior, que adopta la forma de una&nbsp;<strong>mano abierta<\/strong>, sostiene el conjunto y representa el&nbsp;<strong>servicio<\/strong>: un amor que se hace gesto, entrega y compromiso. Es un amor entregado, que sale de s\u00ed, amor \u00abpara servir\u00bb. Tambi\u00e9n semejante a las primeras comunidades cristianas, cuya caridad fuertemente marcada, era una de sus caracter\u00edsticas.<br><br>Finalmente, el c\u00edrculo exterior contiene y da unidad al conjunto, simbolizando la comuni\u00f3n. Todos somos parte de un mismo cuerpo que nos hace Iglesia. Un cuerpo que es movido por el fuego del Esp\u00edritu Santo, que est\u00e1 presente entre nosotros. Tenemos \u00abUn mismo Esp\u00edritu\u00bb que nos alienta y mueve hacia Cristo.<\/p>\n\n\n\n<figure class=\"wp-block-embed is-type-video is-provider-youtube wp-block-embed-youtube wp-embed-aspect-4-3 wp-has-aspect-ratio\"><div class=\"wp-block-embed__wrapper\">\n<iframe loading=\"lazy\" title=\"Un mismo esp\u00edritu para servir y amar\" width=\"1140\" height=\"855\" src=\"https:\/\/www.youtube.com\/embed\/sv9LelGpciY?feature=oembed\" frameborder=\"0\" allow=\"accelerometer; autoplay; clipboard-write; encrypted-media; gyroscope; picture-in-picture; web-share\" referrerpolicy=\"strict-origin-when-cross-origin\" allowfullscreen><\/iframe>\n<\/div><\/figure>\n\n\n\n<p class=\"has-text-align-left\"><strong>Un mismo esp\u00edritu para servir y amar<\/strong><\/p>\n\n\n\n<p class=\"has-text-align-left\">Un nuevo d\u00eda<br>nos llama al encuentro;<br>en nuestra casa<br>hay brazos abiertos.<br><br>Sonrisas atentas,<br>latidos cercanos,<br>miradas fraternas:<br>Dios solo en los lazos.<br><br>Tenemos la huella de Juan Mar\u00eda,<br>que nos invita a so\u00f1ar,<br>y un mismo esp\u00edritu<br>para servir y amar.<br><br>Su viento nos mueve<br>a amar al hermano;<br>sirviendo a su modo,<br>se enciende el milagro.<br><br>En cada paso forjamos caminos;<br>en peque\u00f1os gestos<br>hay un fuego vivo.<br><br>Tenemos la huella de Juan Mar\u00eda,<br>que nos invita a so\u00f1ar,<br>y un mismo esp\u00edritu<br>para servir y amar.<br><br>Seguiremos a Jes\u00fas,<br>viviendo como hermanos;<br>un pueblo que camina<br>y escucha su llamado.<\/p>\n\n\n\n<p class=\"has-text-align-left has-vivid-purple-background-color has-background\"><\/p>\n\n\n\n<h3 class=\"wp-block-heading has-text-align-left has-vivid-red-color has-text-color has-link-color wp-elements-a033c85a19ac4723f93cb2a9b4577d35\"><br><strong>LEMA 2025<\/strong><\/h3>\n\n\n\n<h3 class=\"wp-block-heading has-text-align-left has-vivid-cyan-blue-color has-text-color has-link-color wp-elements-92f805a27a454c352901484f3def4626\"><br><strong>\u201cUn Encuentro que transforma\u201d<\/strong><\/h3>\n\n\n\n<p class=\"has-text-align-left\">Cada a\u00f1o los menesianos del Distrito Divina Providencia, deseosos de seguir reproduciendo la imagen viva de Jes\u00fas entre los ni\u00f1os y los j\u00f3venes, profundizamos un rasgo de nuestra identidad carism\u00e1tica. Durante el a\u00f1o 2025 nos centraremos en el cultivo de la interioridad desde el encuentro con la persona de Jes\u00fas. Ser\u00e1 un a\u00f1o para trabajar nuestra vida de oraci\u00f3n como <em>\u201cUn encuentro que transforma\u201d<\/em>. El Papa Francisco ha invitado a toda la Iglesia a redescubrir el valor de la oraci\u00f3n preparando el Jubileo de la esperanza en el a\u00f1o 2025. Acogiendo la invitaci\u00f3n del Papa Francisco los menesianos queremos redescubrir el valor y la necesidad de la oraci\u00f3n, y recuperar el deseo de estar y vivir cada d\u00eda en la presencia del Se\u00f1or. <br><br>Preciosa invitaci\u00f3n la que nos hace nuestro lema: encontrarnos con la persona de Jes\u00fas. Las p\u00e1ginas del Evangelio est\u00e1n llenas de relatos que nos narran c\u00f3mo Jes\u00fas transforma la vida de las personas que se han encontrado con \u00e9l, as\u00ed podemos recordar el encuentro de Jes\u00fas con la mujer samaritana en Jn 4,: <em>\u201cSe\u00f1or dame de esa agua para que no tenga m\u00e1s sed\u201d;<\/em> el encuentro con el mendigo ciego Bartimeo en Mc 10: <em>\u201c\u00a1Jes\u00fas, ten compasi\u00f3n de m\u00ed!\u201d;<\/em> el encuentro en casa de Sim\u00f3n con la pecadora en Lc 7: <em>\u201ctus pecados quedan perdonados\u201d<\/em>; el encuentro con el leproso en Mc 1: <em>\u201cSi quieres, puedes limpiarme\u201d; <\/em>el encuentro con Nicodemo en Jn 3: <em>\u201c<a>\u00bf<\/a>C\u00f3mo puede uno nacer de nuevo siendo ya viejo?\u201d; el encuentro con la mujer cananea en Mt 15<\/em>: <em>\u201cmujer, \u00a1qu\u00e9 grande es tu fe! \u00a1Que se cumpla tu deseo!\u201d; <\/em>el encuentro con sus primeros disc\u00edpulos en Mt 4: <em>\u201cVengan conmigo y los har\u00e9 pescadores de hombres\u201d;<\/em> el encuentro de Jes\u00fas con los ni\u00f1os en Mc 10, 14: <em>\u201cdejen que los ni\u00f1os vengan a m\u00ed y no se lo impidan\u201d,<\/em> el encuentro con Zaqueo en Lc 19: <em>\u201cHoy ha llegado la salvaci\u00f3n a esta casa\u201d;<\/em> el encuentro con Mar\u00eda Magdalena en Jn 20: <em>\u201cMujer, \u00bfpor qu\u00e9 lloras?\u201d;<\/em> el encuentro con los peregrinos de Ema\u00fas en Lc 24: <em>\u201c\u00bfNo estaba ardiendo nuestro coraz\u00f3n dentro de nosotros cuando nos hablaba en el camino y nos explicaba las Escrituras?\u201d<\/em>. Bonito ejercicio para los menesianos, leer el evangelio desde la clave de <em>\u201cUn encuentro que transforma\u201d.&nbsp;<\/em><br><br>El texto b\u00edblico que ilumina nuestro lema es:<em> \u201cSe\u00f1or, ens\u00e9\u00f1anos a orar\u201d<\/em> (Lc 11,4). Este a\u00f1o los menesianos queremos aprender a rezar como Jes\u00fas rezaba a su Padre: y para ello queremos cultivar nuestra interioridad y desde ella abrirnos a la intimidad con Jes\u00fas y dejarnos transformar por \u00e9l a fin de llegar a ser su imagen viva.<br><br>Los educadores menesianos contamos con una herramienta pedag\u00f3gica para cultivar el encuentro con la persona de Jes\u00fas; se trata del documento marco del Perfil del Egresado Menesiano que nos ofrece cuatro pistas para trabajarlo con nuestros ni\u00f1os y j\u00f3venes a partir del desarrollo de la interioridad. <br><br>La primera pista es <strong><u>el h\u00e1bito del silencio<\/u><\/strong>. Cultivar el silencio nos abre a la contemplaci\u00f3n del misterio y nos ayuda a percibir la vida y todo lo creado como obra de Dios; nace as\u00ed la gratitud, la alabanza, el reconocimiento de nuestra peque\u00f1ez, el pedido de perd\u00f3n.<br><br>La segunda pista para trabajar la interioridad, es la pr\u00e1ctica de <strong>la <u>lectura de la historia personal<\/u><\/strong>. La lectura de la propia historia es un componente esencial para encontrar en la vida cotidiana los signos de la presencia de Dios y poder reconocer las motivaciones profundas que nos mueven a obrar; es un poco la experiencia de la virgen Mar\u00eda \u201cconservaba cuidadosamente todas las cosas en su coraz\u00f3n\u201d (Lc 2,51)<br><br>Una tercera pista, que nos propone el Perfil del Egresado Menesiano es la <strong><u>formaci\u00f3n de la conciencia<\/u><\/strong>. Formar la conciencia de manera responsable y abrirse en forma dialogal a valores divergentes permite reconocer al otro como un t\u00fa, cuestionar los propios puntos de vistas y cambiarlos por valores m\u00e1s evang\u00e9licos. Zaqueo ha pasado por este proceso despu\u00e9s de encontrase con Jes\u00fas: <em>\u201cDar\u00e9 la mitad de mis bienes a los pobres, y si en algo he defraudado a alguien, le devolver\u00e9 el cu\u00e1druple\u201d <\/em>(Lc 19,8)<\/p>\n\n\n\n<p class=\"has-text-align-left\">Finalmente, la cuarta pista consiste en <strong><u>dar testimonio de la fe en Jes\u00fas.<\/u><\/strong> El testimonio de fe en Jes\u00fas se juega en el servicio que humaniza a los hermanos que menos cuentan para la sociedad, <em>\u201ccada vez que lo hicieron a unos de estos hermanos m\u00edos m\u00e1s peque\u00f1os, a m\u00ed me lo hicieron\u201d.<\/em> (Mt 25,40). Es la preciosa s\u00edntesis del testimonio de vida de Jes\u00fas que nace de largos ratos de profundos encuentros con su Padre: <em>\u201cNo he venido a ser servido, sino a servir\u201d<\/em> (Mt 20,28)<\/p>\n\n\n\n<p>El Lema 2025 desaf\u00eda a los menesianos a ir al encuentro con la persona de Jes\u00fas para dejarnos transformar por \u00e9l. Esta es la experiencia espiritual que Juan Mar\u00eda invitaba a realizar a los primeros Hermanos y que nosotros hoy, disc\u00edpulas y disc\u00edpulos de Jesucristo, queremos vivir: <em>\u201cunir nuestro esp\u00edritu a su esp\u00edritu, nuestra alma a su alma. Esta uni\u00f3n no puede tener lugar, en tanto no entremos en los sentimientos de Jesucristo, es decir, mientras nuestros juicios no sean sus juicios, sus pensamientos nuestros pensamientos, sus deseos nuestros deseos; de manera que no vivamos en nosotros, sino que sea \u00e9l quien viva en nosotros\u201d<\/em> (S II, 473).<\/p>\n\n\n\n<h4 class=\"wp-block-heading has-vivid-red-color has-text-color has-link-color wp-elements-21199bb45773b46ee3b7238460275c06\"><br><strong>Mirando el logo<\/strong><\/h4>\n\n\n\n<p class=\"has-text-align-left\">&nbsp;Varios elementos se combinan en el logo para dar armon\u00eda al conjunto:<br><br>Jes\u00fas en el centro destaca dando cohesi\u00f3n y sentido a la imagen y las palabras del lema. La relaci\u00f3n con la persona de Jes\u00fas es la que transforma la vida. Este proceso de transformaci\u00f3n es gradual y se percibe a partir de tres detalles: el primero y m\u00e1s evidente, el cambio de las tonalidades de los colores. Las personas al pasar por el encuentro con Jes\u00fas descubren con nitidez la belleza y el esplendor de sus vidas.<br><br>El segundo elemento es perceptible a partir de contemplaci\u00f3n de los gestos y rostros de las personas. El encuentro con la persona de Jes\u00fas transforma en m\u00e1s evang\u00e9licos los sentimientos, pensamientos, las acciones de las disc\u00edpulas y los disc\u00edpulos de Jes\u00fas para construir fraternidad.<br><br>El tercer elemento, viene dado por los lazos. Son los lazos, las relaciones que se tejen con Jes\u00fas y su Evangelio los que hacen posible la transformaci\u00f3n en la vida de las personas. Estos lazos, en tonalidad azul, ponen de manifiesto la vinculaci\u00f3n del seguimiento de Jes\u00fas desde los rasgos carism\u00e1ticos destacando el Dios S\u00f3lo en el coraz\u00f3n de Jes\u00fas y la espiga en manos de los ni\u00f1os y j\u00f3venes, como los principales destinatarios de la educaci\u00f3n evangelizadora de las Comunidades Educativas Menesianas.<\/p>\n\n\n\n<figure class=\"wp-block-embed is-type-video is-provider-youtube wp-block-embed-youtube wp-embed-aspect-16-9 wp-has-aspect-ratio\"><div class=\"wp-block-embed__wrapper\">\n<iframe loading=\"lazy\" title=\"Un encuentro que transforma\" width=\"1140\" height=\"641\" src=\"https:\/\/www.youtube.com\/embed\/TlJcj1QDYqE?feature=oembed\" frameborder=\"0\" allow=\"accelerometer; autoplay; clipboard-write; encrypted-media; gyroscope; picture-in-picture; web-share\" referrerpolicy=\"strict-origin-when-cross-origin\" allowfullscreen><\/iframe>\n<\/div><\/figure>\n\n\n\n<p>UN ENCUENTRO QUE TRANSFORMA<\/p>\n\n\n\n<p class=\"has-text-align-left\">En el silencio Yo te encuentro,<br>me llenas con tu paz.<br>Tu Presencia me sostiene.<br>Contigo quiero estar.<br><br>Si en tu nombre nos reunimos<br>cuando somos 2 o m\u00e1s,<br>nada m\u00e1s nos hace falta<br>porque t\u00fa all\u00ed est\u00e1s.<br><br>Un encuentro que transforma<br>mi vida y mi coraz\u00f3n.<br>Quiero estar m\u00e1s cerca de ti,<br>encontrarte en la oraci\u00f3n.<br><br>Cuando se termina el d\u00eda<br>yo te quiero regalar<br>mis tristezas y alegr\u00edas<br>y en tus brazos descansar.<br><br>Sos, Jes\u00fas, mi gran amigo,<br>el Camino y la verdad.<br>Es tu amor que nos anima<br>a servir a los dem\u00e1s.<br><br>C\u00f3mo T\u00fa, con humildad,<br>ens\u00e9\u00f1anos a rezar.<br>Oh, Jes\u00fas, eres mi hogar.<br>Yo contigo quiero estar.<\/p>\n","protected":false},"excerpt":{"rendered":"<p>Lema 2026 \u201cUn mismo Esp\u00edritu para servir y amar\u201d Cada a\u00f1o, los menesianos del Cono Sur escogemos un lema que gu\u00eda nuestro andar y nos invita a entrar m\u00e1s hondo en el misterio de Jes\u00fas y de su Evangelio, para dejarnos transformar por \u00c9l. En 2026, la vida pastoral de nuestras Comunidades Educativas ser\u00e1 impulsada &hellip; <a href=\"https:\/\/menesianosoy.org\/index.php\/lema-anual\/\" class=\"more-link\">Continue reading<span class=\"screen-reader-text\"> \u00abLema Anual\u00bb<\/span><\/a><\/p>\n","protected":false},"author":1,"featured_media":0,"parent":0,"menu_order":0,"comment_status":"closed","ping_status":"closed","template":"","meta":{"_acf_changed":false,"footnotes":""},"class_list":["post-119","page","type-page","status-publish","hentry"],"acf":[],"_links":{"self":[{"href":"https:\/\/menesianosoy.org\/index.php\/wp-json\/wp\/v2\/pages\/119","targetHints":{"allow":["GET"]}}],"collection":[{"href":"https:\/\/menesianosoy.org\/index.php\/wp-json\/wp\/v2\/pages"}],"about":[{"href":"https:\/\/menesianosoy.org\/index.php\/wp-json\/wp\/v2\/types\/page"}],"author":[{"embeddable":true,"href":"https:\/\/menesianosoy.org\/index.php\/wp-json\/wp\/v2\/users\/1"}],"replies":[{"embeddable":true,"href":"https:\/\/menesianosoy.org\/index.php\/wp-json\/wp\/v2\/comments?post=119"}],"version-history":[{"count":29,"href":"https:\/\/menesianosoy.org\/index.php\/wp-json\/wp\/v2\/pages\/119\/revisions"}],"predecessor-version":[{"id":32115,"href":"https:\/\/menesianosoy.org\/index.php\/wp-json\/wp\/v2\/pages\/119\/revisions\/32115"}],"wp:attachment":[{"href":"https:\/\/menesianosoy.org\/index.php\/wp-json\/wp\/v2\/media?parent=119"}],"curies":[{"name":"wp","href":"https:\/\/api.w.org\/{rel}","templated":true}]}}