{"id":122,"date":"2023-07-03T19:06:22","date_gmt":"2023-07-03T22:06:22","guid":{"rendered":"https:\/\/menesianosoy.org\/?page_id=122"},"modified":"2025-12-20T10:09:19","modified_gmt":"2025-12-20T13:09:19","slug":"quienes-somos","status":"publish","type":"page","link":"https:\/\/menesianosoy.org\/index.php\/quienes-somos\/","title":{"rendered":"Qui\u00e9nes somos"},"content":{"rendered":"\n<p><strong>Menesiano soy<\/strong> es una aplicaci\u00f3n web al servicio de la espiritualidad de la Familia Menesiana del Distrito Divina Providencia (Argentina-Bolivia-Chile-Uruguay).<\/p>\n\n\n\n<p>Ha nacido para nutrir con contenidos espirituales el d\u00eda a d\u00eda de las Comunidades; as\u00ed como para animar procesos de formaci\u00f3n de ni\u00f1os, j\u00f3venes, educadores en la identidad carism\u00e1tica.<\/p>\n\n\n\n<p>Siguiendo el deseo de los fundadores de la Congregaci\u00f3n, Juan Mar\u00eda de la Mennais y Gabriel Deshayes, Menesianos Soy persigue como misi\u00f3n espec\u00edfica: <em>\u201cDar a conocer y hacer amar a Jesucristo\u201d <\/em>desde el \u00e1mbito de la educaci\u00f3n; por ello, ofrece en primer lugar a los educadores menesianos el recurso del Evangelio de cada d\u00eda, una breve explicaci\u00f3n adaptada a los estudiantes, el pensamiento de los fundadores, la m\u00e1xima diaria y algunos otros datos que hace a la vida de eclesial y menesiana.<\/p>\n\n\n\n<p>Para todos aquellos miembros de la Familia Menesiana que desean seguir profundizando en la espiritualidad carism\u00e1tica, Menesianos Soy, busca ser un manantial donde alimentar la vida espiritual acercando una serie de recursos: Liturgia, calendario, novena, itinerarios formativos, textos de los fundadores, comunicaciones, etc.<\/p>\n\n\n\n<h2 class=\"wp-block-heading\">C\u00f3mo instalar la app<\/h2>\n\n\n\n<p><strong><em>Si tienes Android:<\/em><\/strong><\/p>\n\n\n\n<ol class=\"wp-block-list\">\n<li>En el navegador, ingresas a la web: menesianosoy.org<\/li>\n\n\n\n<li>Arriba a la derecha presionas los 3 puntitos<\/li>\n\n\n\n<li>Eliges la opci\u00f3n Instalar.<\/li>\n\n\n\n<li>Listo! Ya tienes el \u00edcono&nbsp;para&nbsp;acceder.<\/li>\n<\/ol>\n\n\n\n<p><strong><em>Si tienes IOs (iPhone y iPad)<\/em><\/strong><\/p>\n\n\n\n<ol class=\"wp-block-list\">\n<li>En el navegador, ingresas a la web: menesianosoy.org<\/li>\n\n\n\n<li>Aprietas el bot\u00f3n de compartir<\/li>\n\n\n\n<li>Eliges la opci\u00f3n de Agregarlo a la pantalla de inicio.<\/li>\n\n\n\n<li>Listo! Ya tienes el \u00edcono&nbsp;para&nbsp;acceder.<\/li>\n<\/ol>\n\n\n\n<p><strong><em>En PC con Windows<\/em><\/strong><\/p>\n\n\n\n<ol class=\"wp-block-list\">\n<li>Abre Chrome<\/li>\n\n\n\n<li>Ingresas a la web: menesianosoy.org<\/li>\n\n\n\n<li>En la barra de navegaci\u00f3n a la derecha, encontrar\u00e1s un \u00edcono para instalarlo en tu PC<\/li>\n\n\n\n<li>Listo! Ya tienes un \u00edcono en tu escritorio para acceder.<\/li>\n<\/ol>\n\n\n\n<p><\/p>\n","protected":false},"excerpt":{"rendered":"<p>Menesiano soy es una aplicaci\u00f3n web al servicio de la espiritualidad de la Familia Menesiana del Distrito Divina Providencia (Argentina-Bolivia-Chile-Uruguay). Ha nacido para nutrir con contenidos espirituales el d\u00eda a d\u00eda de las Comunidades; as\u00ed como para animar procesos de formaci\u00f3n de ni\u00f1os, j\u00f3venes, educadores en la identidad carism\u00e1tica. Siguiendo el deseo de los fundadores &hellip; <a href=\"https:\/\/menesianosoy.org\/index.php\/quienes-somos\/\" class=\"more-link\">Continue reading<span class=\"screen-reader-text\"> \u00abQui\u00e9nes somos\u00bb<\/span><\/a><\/p>\n","protected":false},"author":1,"featured_media":0,"parent":0,"menu_order":0,"comment_status":"closed","ping_status":"closed","template":"","meta":{"_acf_changed":false,"footnotes":""},"class_list":["post-122","page","type-page","status-publish","hentry"],"acf":[],"_links":{"self":[{"href":"https:\/\/menesianosoy.org\/index.php\/wp-json\/wp\/v2\/pages\/122","targetHints":{"allow":["GET"]}}],"collection":[{"href":"https:\/\/menesianosoy.org\/index.php\/wp-json\/wp\/v2\/pages"}],"about":[{"href":"https:\/\/menesianosoy.org\/index.php\/wp-json\/wp\/v2\/types\/page"}],"author":[{"embeddable":true,"href":"https:\/\/menesianosoy.org\/index.php\/wp-json\/wp\/v2\/users\/1"}],"replies":[{"embeddable":true,"href":"https:\/\/menesianosoy.org\/index.php\/wp-json\/wp\/v2\/comments?post=122"}],"version-history":[{"count":5,"href":"https:\/\/menesianosoy.org\/index.php\/wp-json\/wp\/v2\/pages\/122\/revisions"}],"predecessor-version":[{"id":30647,"href":"https:\/\/menesianosoy.org\/index.php\/wp-json\/wp\/v2\/pages\/122\/revisions\/30647"}],"wp:attachment":[{"href":"https:\/\/menesianosoy.org\/index.php\/wp-json\/wp\/v2\/media?parent=122"}],"curies":[{"name":"wp","href":"https:\/\/api.w.org\/{rel}","templated":true}]}}