{"id":1536,"date":"2023-08-22T19:54:57","date_gmt":"2023-08-22T22:54:57","guid":{"rendered":"https:\/\/menesianosoy.org\/?page_id=1536"},"modified":"2023-08-22T19:54:58","modified_gmt":"2023-08-22T22:54:58","slug":"rosario-menesiano-2","status":"publish","type":"page","link":"https:\/\/menesianosoy.org\/index.php\/rosario-menesiano-2\/","title":{"rendered":"Espiritualidad Menesiana"},"content":{"rendered":"<div class=\"pt-cv-wrapper\"><div class=\"pt-cv-view pt-cv-grid pt-cv-colsys\" id=\"pt-cv-view-3f2f998369\"><div data-id=\"pt-cv-page-1\" class=\"pt-cv-page\" data-cvc=\"3\"><div class=\"col-md-4 col-sm-6 col-xs-12 pt-cv-content-item pt-cv-1-col\" ><div class='pt-cv-ifield'><a href=\"https:\/\/menesianosoy.org\/index.php\/2025\/12\/13\/oraciones-menesianas\/\" class=\"_self pt-cv-href-thumbnail pt-cv-thumb-default\" target=\"_self\" ><img loading=\"lazy\" decoding=\"async\" width=\"300\" height=\"186\" src=\"https:\/\/menesianosoy.org\/wp-content\/uploads\/2025\/12\/istockphoto-1484095487-612x612-1-300x186.jpg\" class=\"pt-cv-thumbnail\" alt=\"\" srcset=\"https:\/\/menesianosoy.org\/wp-content\/uploads\/2025\/12\/istockphoto-1484095487-612x612-1-300x186.jpg 300w, https:\/\/menesianosoy.org\/wp-content\/uploads\/2025\/12\/istockphoto-1484095487-612x612-1.jpg 612w\" sizes=\"auto, (max-width: 300px) 85vw, 300px\" \/><\/a>\n<h4 class=\"pt-cv-title\"><a href=\"https:\/\/menesianosoy.org\/index.php\/2025\/12\/13\/oraciones-menesianas\/\" class=\"_self\" target=\"_self\" >Oraciones menesianas y otras<\/a><\/h4>\n<div class=\"pt-cv-content\">DIVINO CORAZ\u00d3N DE JES\u00daS Divino Coraz\u00f3n de Jes\u00fas,por medio del Coraz\u00f3n Inmaculado de Mar\u00eda,yo me consagro a tiy contigo me ...<br \/><div class=\"pt-cv-rmwrap\"><a href=\"https:\/\/menesianosoy.org\/index.php\/2025\/12\/13\/oraciones-menesianas\/\" class=\"_self pt-cv-readmore btn btn-success\" target=\"_self\">Leer M\u00e1s<\/a><\/div><\/div><\/div><\/div>\n<div class=\"col-md-4 col-sm-6 col-xs-12 pt-cv-content-item pt-cv-1-col\" ><div class='pt-cv-ifield'><a href=\"https:\/\/menesianosoy.org\/index.php\/2025\/03\/30\/oracion-ignaciana\/\" class=\"_self pt-cv-href-thumbnail pt-cv-thumb-default\" target=\"_self\" ><img loading=\"lazy\" decoding=\"async\" width=\"300\" height=\"169\" src=\"https:\/\/menesianosoy.org\/wp-content\/uploads\/2025\/03\/portadaoracionignaciana-300x169.png\" class=\"pt-cv-thumbnail\" alt=\"\" srcset=\"https:\/\/menesianosoy.org\/wp-content\/uploads\/2025\/03\/portadaoracionignaciana-300x169.png 300w, https:\/\/menesianosoy.org\/wp-content\/uploads\/2025\/03\/portadaoracionignaciana-1024x576.png 1024w, https:\/\/menesianosoy.org\/wp-content\/uploads\/2025\/03\/portadaoracionignaciana-768x432.png 768w, https:\/\/menesianosoy.org\/wp-content\/uploads\/2025\/03\/portadaoracionignaciana-1536x864.png 1536w, https:\/\/menesianosoy.org\/wp-content\/uploads\/2025\/03\/portadaoracionignaciana-1200x675.png 1200w, https:\/\/menesianosoy.org\/wp-content\/uploads\/2025\/03\/portadaoracionignaciana.png 1600w\" sizes=\"auto, (max-width: 300px) 85vw, 300px\" \/><\/a>\n<h4 class=\"pt-cv-title\"><a href=\"https:\/\/menesianosoy.org\/index.php\/2025\/03\/30\/oracion-ignaciana\/\" class=\"_self\" target=\"_self\" >Oraci\u00f3n ignaciana<\/a><\/h4>\n<div class=\"pt-cv-content\"> ...<br \/><div class=\"pt-cv-rmwrap\"><a href=\"https:\/\/menesianosoy.org\/index.php\/2025\/03\/30\/oracion-ignaciana\/\" class=\"_self pt-cv-readmore btn btn-success\" target=\"_self\">Leer M\u00e1s<\/a><\/div><\/div><\/div><\/div>\n<div class=\"col-md-4 col-sm-6 col-xs-12 pt-cv-content-item pt-cv-1-col\" ><div class='pt-cv-ifield'><a href=\"https:\/\/menesianosoy.org\/index.php\/2025\/02\/05\/angeles-de-los-ninos\/\" class=\"_self pt-cv-href-thumbnail pt-cv-thumb-default\" target=\"_self\" ><img loading=\"lazy\" decoding=\"async\" width=\"300\" height=\"200\" src=\"https:\/\/menesianosoy.org\/wp-content\/uploads\/2025\/02\/educando-300x200.jpg\" class=\"pt-cv-thumbnail\" alt=\"\" srcset=\"https:\/\/menesianosoy.org\/wp-content\/uploads\/2025\/02\/educando-300x200.jpg 300w, https:\/\/menesianosoy.org\/wp-content\/uploads\/2025\/02\/educando.jpg 440w\" sizes=\"auto, (max-width: 300px) 85vw, 300px\" \/><\/a>\n<h4 class=\"pt-cv-title\"><a href=\"https:\/\/menesianosoy.org\/index.php\/2025\/02\/05\/angeles-de-los-ninos\/\" class=\"_self\" target=\"_self\" >\u00c1ngeles de los ni\u00f1os<\/a><\/h4>\n<div class=\"pt-cv-content\">\u00c9ste es un rasgo esencial de todo educador menesiano: \u201cSer \u00e1ngel\u201d, ser mediaci\u00f3n de la ternura y la misericordia de ...<br \/><div class=\"pt-cv-rmwrap\"><a href=\"https:\/\/menesianosoy.org\/index.php\/2025\/02\/05\/angeles-de-los-ninos\/\" class=\"_self pt-cv-readmore btn btn-success\" target=\"_self\">Leer M\u00e1s<\/a><\/div><\/div><\/div><\/div>\n<div class=\"col-md-4 col-sm-6 col-xs-12 pt-cv-content-item pt-cv-1-col\" ><div class='pt-cv-ifield'><a href=\"https:\/\/menesianosoy.org\/index.php\/2025\/02\/05\/los-si-de-juan-maria-h-delfin\/\" class=\"_self pt-cv-href-thumbnail pt-cv-thumb-default\" target=\"_self\" ><img loading=\"lazy\" decoding=\"async\" width=\"255\" height=\"300\" src=\"https:\/\/menesianosoy.org\/wp-content\/uploads\/2024\/09\/John-Mary-255x300.png\" class=\"pt-cv-thumbnail\" alt=\"\" srcset=\"https:\/\/menesianosoy.org\/wp-content\/uploads\/2024\/09\/John-Mary-255x300.png 255w, https:\/\/menesianosoy.org\/wp-content\/uploads\/2024\/09\/John-Mary.png 450w\" sizes=\"auto, (max-width: 255px) 85vw, 255px\" \/><\/a>\n<h4 class=\"pt-cv-title\"><a href=\"https:\/\/menesianosoy.org\/index.php\/2025\/02\/05\/los-si-de-juan-maria-h-delfin\/\" class=\"_self\" target=\"_self\" >Los S\u00cd de Juan Mar\u00eda &#8211; H. Delf\u00edn<\/a><\/h4>\n<div class=\"pt-cv-content\">En nuestra opini\u00f3n, hubo en su vida cuatro momentos que tuvieron una importancia decisiva. Puede o pudo haber otros m\u00e1s, ...<br \/><div class=\"pt-cv-rmwrap\"><a href=\"https:\/\/menesianosoy.org\/index.php\/2025\/02\/05\/los-si-de-juan-maria-h-delfin\/\" class=\"_self pt-cv-readmore btn btn-success\" target=\"_self\">Leer M\u00e1s<\/a><\/div><\/div><\/div><\/div>\n<div class=\"col-md-4 col-sm-6 col-xs-12 pt-cv-content-item pt-cv-1-col\" ><div class='pt-cv-ifield'><a href=\"https:\/\/menesianosoy.org\/index.php\/2025\/02\/05\/dejen-que-los-ninos-vengan-a-mi-2\/\" class=\"_self pt-cv-href-thumbnail pt-cv-thumb-default\" target=\"_self\" ><img loading=\"lazy\" decoding=\"async\" width=\"300\" height=\"300\" src=\"https:\/\/menesianosoy.org\/wp-content\/uploads\/2025\/02\/8259996-300x300.jpg\" class=\"pt-cv-thumbnail\" alt=\"\" srcset=\"https:\/\/menesianosoy.org\/wp-content\/uploads\/2025\/02\/8259996-300x300.jpg 300w, https:\/\/menesianosoy.org\/wp-content\/uploads\/2025\/02\/8259996-150x150.jpg 150w, https:\/\/menesianosoy.org\/wp-content\/uploads\/2025\/02\/8259996.jpg 400w\" sizes=\"auto, (max-width: 300px) 85vw, 300px\" \/><\/a>\n<h4 class=\"pt-cv-title\"><a href=\"https:\/\/menesianosoy.org\/index.php\/2025\/02\/05\/dejen-que-los-ninos-vengan-a-mi-2\/\" class=\"_self\" target=\"_self\" >Dejen que los ni\u00f1os vengan a m\u00ed<\/a><\/h4>\n<div class=\"pt-cv-content\">El Hermano y el laico, llaman a los ni\u00f1os como el mismo Jes\u00fas les llamaba, con las mismas actitudes de ...<br \/><div class=\"pt-cv-rmwrap\"><a href=\"https:\/\/menesianosoy.org\/index.php\/2025\/02\/05\/dejen-que-los-ninos-vengan-a-mi-2\/\" class=\"_self pt-cv-readmore btn btn-success\" target=\"_self\">Leer M\u00e1s<\/a><\/div><\/div><\/div><\/div>\n<div class=\"col-md-4 col-sm-6 col-xs-12 pt-cv-content-item pt-cv-1-col\" ><div class='pt-cv-ifield'><a href=\"https:\/\/menesianosoy.org\/index.php\/2025\/02\/05\/escuela-templo\/\" class=\"_self pt-cv-href-thumbnail pt-cv-thumb-default\" target=\"_self\" ><img loading=\"lazy\" decoding=\"async\" width=\"279\" height=\"300\" src=\"https:\/\/menesianosoy.org\/wp-content\/uploads\/2025\/02\/images-1-279x300.jpeg\" class=\"pt-cv-thumbnail\" alt=\"\" srcset=\"https:\/\/menesianosoy.org\/wp-content\/uploads\/2025\/02\/images-1-279x300.jpeg 279w, https:\/\/menesianosoy.org\/wp-content\/uploads\/2025\/02\/images-1.jpeg 368w\" sizes=\"auto, (max-width: 279px) 85vw, 279px\" \/><\/a>\n<h4 class=\"pt-cv-title\"><a href=\"https:\/\/menesianosoy.org\/index.php\/2025\/02\/05\/escuela-templo\/\" class=\"_self\" target=\"_self\" >Escuela Templo<\/a><\/h4>\n<div class=\"pt-cv-content\">Quien vive la tarea educadora como un ministerio, es decir, como enviado de Dios a los ni\u00f1os y j\u00f3venes, descubre ...<br \/><div class=\"pt-cv-rmwrap\"><a href=\"https:\/\/menesianosoy.org\/index.php\/2025\/02\/05\/escuela-templo\/\" class=\"_self pt-cv-readmore btn btn-success\" target=\"_self\">Leer M\u00e1s<\/a><\/div><\/div><\/div><\/div>\n<div class=\"col-md-4 col-sm-6 col-xs-12 pt-cv-content-item pt-cv-1-col\" ><div class='pt-cv-ifield'><a href=\"https:\/\/menesianosoy.org\/index.php\/2025\/02\/05\/dios-solo-eternidad-merino\/\" class=\"_self pt-cv-href-thumbnail pt-cv-thumb-default\" target=\"_self\" ><img loading=\"lazy\" decoding=\"async\" width=\"300\" height=\"300\" src=\"https:\/\/menesianosoy.org\/wp-content\/uploads\/2025\/02\/artworks-000638982214-9rpipv-t500x500-300x300.jpg\" class=\"pt-cv-thumbnail\" alt=\"\" srcset=\"https:\/\/menesianosoy.org\/wp-content\/uploads\/2025\/02\/artworks-000638982214-9rpipv-t500x500-300x300.jpg 300w, https:\/\/menesianosoy.org\/wp-content\/uploads\/2025\/02\/artworks-000638982214-9rpipv-t500x500-150x150.jpg 150w, https:\/\/menesianosoy.org\/wp-content\/uploads\/2025\/02\/artworks-000638982214-9rpipv-t500x500.jpg 500w\" sizes=\"auto, (max-width: 300px) 85vw, 300px\" \/><\/a>\n<h4 class=\"pt-cv-title\"><a href=\"https:\/\/menesianosoy.org\/index.php\/2025\/02\/05\/dios-solo-eternidad-merino\/\" class=\"_self\" target=\"_self\" >Dios S\u00f3lo &#8211; Eternidad (Merino)<\/a><\/h4>\n<div class=\"pt-cv-content\">\"Apoy\u00e9monos s\u00f3lo en Dios, no nos apeguemos m\u00e1s que a Dios S\u00f3lo, no deseemos m\u00e1s que el cumplimiento de su ...<br \/><div class=\"pt-cv-rmwrap\"><a href=\"https:\/\/menesianosoy.org\/index.php\/2025\/02\/05\/dios-solo-eternidad-merino\/\" class=\"_self pt-cv-readmore btn btn-success\" target=\"_self\">Leer M\u00e1s<\/a><\/div><\/div><\/div><\/div>\n<div class=\"col-md-4 col-sm-6 col-xs-12 pt-cv-content-item pt-cv-1-col\" ><div class='pt-cv-ifield'><a href=\"https:\/\/menesianosoy.org\/index.php\/2023\/09\/25\/rasgos\/\" class=\"_self pt-cv-href-thumbnail pt-cv-thumb-default\" target=\"_self\" ><\/a>\n<h4 class=\"pt-cv-title\"><a href=\"https:\/\/menesianosoy.org\/index.php\/2023\/09\/25\/rasgos\/\" class=\"_self\" target=\"_self\" >Rasgos<\/a><\/h4>\n<div class=\"pt-cv-content\">Compartimos una p\u00e1gina de los menesianos de Espa\u00f1a que trae muchos recursos para trabajar lo menesiano. Aqu\u00ed va un archivo ...<br \/><div class=\"pt-cv-rmwrap\"><a href=\"https:\/\/menesianosoy.org\/index.php\/2023\/09\/25\/rasgos\/\" class=\"_self pt-cv-readmore btn btn-success\" target=\"_self\">Leer M\u00e1s<\/a><\/div><\/div><\/div><\/div>\n<div class=\"col-md-4 col-sm-6 col-xs-12 pt-cv-content-item pt-cv-1-col\" ><div class='pt-cv-ifield'><a href=\"https:\/\/menesianosoy.org\/index.php\/2023\/08\/23\/dios-solo-centro-de-la-experiencia-menesiana\/\" class=\"_self pt-cv-href-thumbnail pt-cv-thumb-default\" target=\"_self\" ><img loading=\"lazy\" decoding=\"async\" width=\"226\" height=\"300\" src=\"https:\/\/menesianosoy.org\/wp-content\/uploads\/2023\/08\/channels4_profile-226x300.jpg\" class=\"pt-cv-thumbnail\" alt=\"\" srcset=\"https:\/\/menesianosoy.org\/wp-content\/uploads\/2023\/08\/channels4_profile-226x300.jpg 226w, https:\/\/menesianosoy.org\/wp-content\/uploads\/2023\/08\/channels4_profile.jpg 325w\" sizes=\"auto, (max-width: 226px) 85vw, 226px\" \/><\/a>\n<h4 class=\"pt-cv-title\"><a href=\"https:\/\/menesianosoy.org\/index.php\/2023\/08\/23\/dios-solo-centro-de-la-experiencia-menesiana\/\" class=\"_self\" target=\"_self\" >Dios S\u00f3lo, centro de la experiencia menesiana<\/a><\/h4>\n<div class=\"pt-cv-content\">Dios s\u00f3lo en cuanto principio y fundamento, es la opci\u00f3n fundamental del menesiano. Opci\u00f3n profunda, radical, pues alcanza a las ...<br \/><div class=\"pt-cv-rmwrap\"><a href=\"https:\/\/menesianosoy.org\/index.php\/2023\/08\/23\/dios-solo-centro-de-la-experiencia-menesiana\/\" class=\"_self pt-cv-readmore btn btn-success\" target=\"_self\">Leer M\u00e1s<\/a><\/div><\/div><\/div><\/div><\/div><\/div>\n<div class=\" pt-cv-pagination-wrapper\"><ul class=\"pt-cv-pagination pt-cv-ajax pagination\" data-totalpages=\"2\" data-currentpage=\"1\" data-sid=\"3f2f998369\" data-unid=\"\" data-isblock=\"\" data-postid=\"\"><li class=\"active\"><a href=\"#\">1<\/a><\/li>\n\t<li ><a class=\"\" href=\"https:\/\/menesianosoy.org\/index.php\/wp-json\/wp\/v2\/pages\/1536\/?_page=2\">2<\/a><\/li>\n\t<li ><a class=\" \" href=\"https:\/\/menesianosoy.org\/index.php\/wp-json\/wp\/v2\/pages\/1536\/?_page=2\">&rsaquo;<\/a><\/li>\n\t<\/ul><img loading=\"lazy\" decoding=\"async\" width=\"15\" height=\"15\" class=\"pt-cv-spinner\" alt=\"Cargando...\" src=\"data:image\/gif;base64,R0lGODlhDwAPALMPAMrKygwMDJOTkz09PZWVla+vr3p6euTk5M7OzuXl5TMzMwAAAJmZmWZmZszMzP\/\/\/yH\/C05FVFNDQVBFMi4wAwEAAAAh+QQFCgAPACwAAAAADwAPAAAEQvDJaZaZOIcV8iQK8VRX4iTYoAwZ4iCYoAjZ4RxejhVNoT+mRGP4cyF4Pp0N98sBGIBMEMOotl6YZ3S61Bmbkm4mAgAh+QQFCgAPACwAAAAADQANAAAENPDJSRSZeA418itN8QiK8BiLITVsFiyBBIoYqnoewAD4xPw9iY4XLGYSjkQR4UAUD45DLwIAIfkEBQoADwAsAAAAAA8ACQAABC\/wyVlamTi3nSdgwFNdhEJgTJoNyoB9ISYoQmdjiZPcj7EYCAeCF1gEDo4Dz2eIAAAh+QQFCgAPACwCAAAADQANAAAEM\/DJBxiYeLKdX3IJZT1FU0iIg2RNKx3OkZVnZ98ToRD4MyiDnkAh6BkNC0MvsAj0kMpHBAAh+QQFCgAPACwGAAAACQAPAAAEMDC59KpFDll73HkAA2wVY5KgiK5b0RRoI6MuzG6EQqCDMlSGheEhUAgqgUUAFRySIgAh+QQFCgAPACwCAAIADQANAAAEM\/DJKZNLND\/kkKaHc3xk+QAMYDKsiaqmZCxGVjSFFCxB1vwy2oOgIDxuucxAMTAJFAJNBAAh+QQFCgAPACwAAAYADwAJAAAEMNAs86q1yaWwwv2Ig0jUZx3OYa4XoRAfwADXoAwfo1+CIjyFRuEho60aSNYlOPxEAAAh+QQFCgAPACwAAAIADQANAAAENPA9s4y8+IUVcqaWJ4qEQozSoAzoIyhCK2NFU2SJk0hNnyEOhKR2AzAAj4Pj4GE4W0bkJQIAOw==\" \/><div class=\"clear pt-cv-clear-pagination\"><\/div><\/div><\/div>\n","protected":false},"excerpt":{"rendered":"","protected":false},"author":1,"featured_media":0,"parent":0,"menu_order":0,"comment_status":"closed","ping_status":"closed","template":"","meta":{"_acf_changed":false,"footnotes":""},"class_list":["post-1536","page","type-page","status-publish","hentry"],"acf":[],"_links":{"self":[{"href":"https:\/\/menesianosoy.org\/index.php\/wp-json\/wp\/v2\/pages\/1536","targetHints":{"allow":["GET"]}}],"collection":[{"href":"https:\/\/menesianosoy.org\/index.php\/wp-json\/wp\/v2\/pages"}],"about":[{"href":"https:\/\/menesianosoy.org\/index.php\/wp-json\/wp\/v2\/types\/page"}],"author":[{"embeddable":true,"href":"https:\/\/menesianosoy.org\/index.php\/wp-json\/wp\/v2\/users\/1"}],"replies":[{"embeddable":true,"href":"https:\/\/menesianosoy.org\/index.php\/wp-json\/wp\/v2\/comments?post=1536"}],"version-history":[{"count":1,"href":"https:\/\/menesianosoy.org\/index.php\/wp-json\/wp\/v2\/pages\/1536\/revisions"}],"predecessor-version":[{"id":1537,"href":"https:\/\/menesianosoy.org\/index.php\/wp-json\/wp\/v2\/pages\/1536\/revisions\/1537"}],"wp:attachment":[{"href":"https:\/\/menesianosoy.org\/index.php\/wp-json\/wp\/v2\/media?parent=1536"}],"curies":[{"name":"wp","href":"https:\/\/api.w.org\/{rel}","templated":true}]}}