{"id":20451,"date":"2025-02-13T14:01:44","date_gmt":"2025-02-13T17:01:44","guid":{"rendered":"https:\/\/menesianosoy.org\/?page_id=20451"},"modified":"2025-02-13T14:01:44","modified_gmt":"2025-02-13T17:01:44","slug":"metanoia-2","status":"publish","type":"page","link":"https:\/\/menesianosoy.org\/index.php\/metanoia-2\/","title":{"rendered":"Peregrinaci\u00f3n Menesiana"},"content":{"rendered":"<div class=\"pt-cv-wrapper\"><div class=\"pt-cv-view pt-cv-grid pt-cv-colsys\" id=\"pt-cv-view-ed53499r8v\"><div data-id=\"pt-cv-page-1\" class=\"pt-cv-page\" data-cvc=\"2\"><div class=\"col-md-6 col-sm-12 col-xs-12 pt-cv-content-item pt-cv-1-col\" ><div class='pt-cv-ifield'><a href=\"https:\/\/menesianosoy.org\/index.php\/2026\/01\/29\/5-auray\/\" class=\"_self pt-cv-href-thumbnail pt-cv-thumb-default\" target=\"_self\" ><img loading=\"lazy\" decoding=\"async\" width=\"300\" height=\"191\" src=\"https:\/\/menesianosoy.org\/wp-content\/uploads\/2024\/09\/descarga-2-300x191.png\" class=\"pt-cv-thumbnail\" alt=\"\" srcset=\"https:\/\/menesianosoy.org\/wp-content\/uploads\/2024\/09\/descarga-2-300x191.png 300w, https:\/\/menesianosoy.org\/wp-content\/uploads\/2024\/09\/descarga-2.png 500w\" sizes=\"auto, (max-width: 300px) 85vw, 300px\" \/><\/a>\n<div class=\"pt-cv-taxoterm above_title\"><a href='https:\/\/menesianosoy.org\/index.php\/category\/itinerarios\/peregrinacion-menesiana\/' title='Peregrinaci\u00f3n Menesiana' class='pt-cv-tax-peregrinacion-menesiana'>Peregrinaci\u00f3n Menesiana<\/a><\/div>\n<h4 class=\"pt-cv-title\"><a href=\"https:\/\/menesianosoy.org\/index.php\/2026\/01\/29\/5-auray\/\" class=\"_self\" target=\"_self\" >5.- AURAY<\/a><\/h4>\n<div class=\"pt-cv-content\">Auray, donde el padre Gabriel Deshayes lleg\u00f3 como p\u00e1rroco en 1805, ser\u00e1 testigo del nacimiento de una familia carism\u00e1tica que, ...<br \/><div class=\"pt-cv-rmwrap\"><a href=\"https:\/\/menesianosoy.org\/index.php\/2026\/01\/29\/5-auray\/\" class=\"_self pt-cv-readmore btn btn-success\" target=\"_self\">Leer M\u00e1s<\/a><\/div><\/div><\/div><\/div>\n<div class=\"col-md-6 col-sm-12 col-xs-12 pt-cv-content-item pt-cv-1-col\" ><div class='pt-cv-ifield'><a href=\"https:\/\/menesianosoy.org\/index.php\/2025\/02\/16\/beignon\/\" class=\"_self pt-cv-href-thumbnail pt-cv-thumb-default\" target=\"_self\" ><img loading=\"lazy\" decoding=\"async\" width=\"213\" height=\"237\" src=\"https:\/\/menesianosoy.org\/wp-content\/uploads\/2025\/02\/image-5.png\" class=\"pt-cv-thumbnail\" alt=\"\" \/><\/a>\n<div class=\"pt-cv-taxoterm above_title\"><a href='https:\/\/menesianosoy.org\/index.php\/category\/itinerarios\/peregrinacion-menesiana\/' title='Peregrinaci\u00f3n Menesiana' class='pt-cv-tax-peregrinacion-menesiana'>Peregrinaci\u00f3n Menesiana<\/a><\/div>\n<h4 class=\"pt-cv-title\"><a href=\"https:\/\/menesianosoy.org\/index.php\/2025\/02\/16\/beignon\/\" class=\"_self\" target=\"_self\" >4.- BEIGNON<\/a><\/h4>\n<div class=\"pt-cv-content\">Beignon es el lugar de nacimiento de Gabriel Desayes, co-fundador de la congregaci\u00f3n de Hermanos de la Instrucci\u00f3n Cristiana y ...<br \/><div class=\"pt-cv-rmwrap\"><a href=\"https:\/\/menesianosoy.org\/index.php\/2025\/02\/16\/beignon\/\" class=\"_self pt-cv-readmore btn btn-success\" target=\"_self\">Leer M\u00e1s<\/a><\/div><\/div><\/div><\/div>\n<div class=\"col-md-6 col-sm-12 col-xs-12 pt-cv-content-item pt-cv-1-col\" ><div class='pt-cv-ifield'><a href=\"https:\/\/menesianosoy.org\/index.php\/2025\/02\/15\/saint-brieuc\/\" class=\"_self pt-cv-href-thumbnail pt-cv-thumb-default\" target=\"_self\" ><img loading=\"lazy\" decoding=\"async\" width=\"252\" height=\"300\" src=\"https:\/\/menesianosoy.org\/wp-content\/uploads\/2025\/02\/ninos-252x300.jpg\" class=\"pt-cv-thumbnail\" alt=\"\" srcset=\"https:\/\/menesianosoy.org\/wp-content\/uploads\/2025\/02\/ninos-252x300.jpg 252w, https:\/\/menesianosoy.org\/wp-content\/uploads\/2025\/02\/ninos.jpg 440w\" sizes=\"auto, (max-width: 252px) 85vw, 252px\" \/><\/a>\n<div class=\"pt-cv-taxoterm above_title\"><a href='https:\/\/menesianosoy.org\/index.php\/category\/itinerarios\/peregrinacion-menesiana\/' title='Peregrinaci\u00f3n Menesiana' class='pt-cv-tax-peregrinacion-menesiana'>Peregrinaci\u00f3n Menesiana<\/a><\/div>\n<h4 class=\"pt-cv-title\"><a href=\"https:\/\/menesianosoy.org\/index.php\/2025\/02\/15\/saint-brieuc\/\" class=\"_self\" target=\"_self\" >3.- SAINT-BRIEUC<\/a><\/h4>\n<div class=\"pt-cv-content\">Saint-Brieuc es el lugar donde Juan Mar\u00eda se da de narices con la realidad de la educaci\u00f3n en su Breta\u00f1a ...<br \/><div class=\"pt-cv-rmwrap\"><a href=\"https:\/\/menesianosoy.org\/index.php\/2025\/02\/15\/saint-brieuc\/\" class=\"_self pt-cv-readmore btn btn-success\" target=\"_self\">Leer M\u00e1s<\/a><\/div><\/div><\/div><\/div>\n<div class=\"col-md-6 col-sm-12 col-xs-12 pt-cv-content-item pt-cv-1-col\" ><div class='pt-cv-ifield'><a href=\"https:\/\/menesianosoy.org\/index.php\/2025\/02\/14\/la-chesnaie\/\" class=\"_self pt-cv-href-thumbnail pt-cv-thumb-default\" target=\"_self\" ><img loading=\"lazy\" decoding=\"async\" width=\"300\" height=\"199\" src=\"https:\/\/menesianosoy.org\/wp-content\/uploads\/2025\/02\/P-10-B-2-300x199.jpg\" class=\"pt-cv-thumbnail\" alt=\"\" srcset=\"https:\/\/menesianosoy.org\/wp-content\/uploads\/2025\/02\/P-10-B-2-300x199.jpg 300w, https:\/\/menesianosoy.org\/wp-content\/uploads\/2025\/02\/P-10-B-2.jpg 400w\" sizes=\"auto, (max-width: 300px) 85vw, 300px\" \/><\/a>\n<div class=\"pt-cv-taxoterm above_title\"><a href='https:\/\/menesianosoy.org\/index.php\/category\/itinerarios\/peregrinacion-menesiana\/' title='Peregrinaci\u00f3n Menesiana' class='pt-cv-tax-peregrinacion-menesiana'>Peregrinaci\u00f3n Menesiana<\/a><\/div>\n<h4 class=\"pt-cv-title\"><a href=\"https:\/\/menesianosoy.org\/index.php\/2025\/02\/14\/la-chesnaie\/\" class=\"_self\" target=\"_self\" >2.- LA CHESNAIE<\/a><\/h4>\n<div class=\"pt-cv-content\">La Chesnaie es el lugar del descanso para Juan Mar\u00eda, que no puede m\u00e1s despu\u00e9s de la incesante actividad desplegada ...<br \/><div class=\"pt-cv-rmwrap\"><a href=\"https:\/\/menesianosoy.org\/index.php\/2025\/02\/14\/la-chesnaie\/\" class=\"_self pt-cv-readmore btn btn-success\" target=\"_self\">Leer M\u00e1s<\/a><\/div><\/div><\/div><\/div>\n<div class=\"col-md-6 col-sm-12 col-xs-12 pt-cv-content-item pt-cv-1-col\" ><div class='pt-cv-ifield'><a href=\"https:\/\/menesianosoy.org\/index.php\/2025\/02\/11\/saint-malo\/\" class=\"_self pt-cv-href-thumbnail pt-cv-thumb-default\" target=\"_self\" ><img loading=\"lazy\" decoding=\"async\" width=\"211\" height=\"300\" src=\"https:\/\/menesianosoy.org\/wp-content\/uploads\/2024\/09\/Juanma-211x300-1.jpg\" class=\"pt-cv-thumbnail\" alt=\"\" \/><\/a>\n<div class=\"pt-cv-taxoterm above_title\"><a href='https:\/\/menesianosoy.org\/index.php\/category\/itinerarios\/peregrinacion-menesiana\/' title='Peregrinaci\u00f3n Menesiana' class='pt-cv-tax-peregrinacion-menesiana'>Peregrinaci\u00f3n Menesiana<\/a><\/div>\n<h4 class=\"pt-cv-title\"><a href=\"https:\/\/menesianosoy.org\/index.php\/2025\/02\/11\/saint-malo\/\" class=\"_self\" target=\"_self\" >1.- SAINT-MALO<\/a><\/h4>\n<div class=\"pt-cv-content\">En Saint-Malo naci\u00f3 Juan Mar\u00eda de la Mennais, aqu\u00ed dar\u00e1 sus primeros pasos en la fe y el compromiso con ...<br \/><div class=\"pt-cv-rmwrap\"><a href=\"https:\/\/menesianosoy.org\/index.php\/2025\/02\/11\/saint-malo\/\" class=\"_self pt-cv-readmore btn btn-success\" target=\"_self\">Leer M\u00e1s<\/a><\/div><\/div><\/div><\/div><\/div><\/div><\/div>\n\n\n\n<p><\/p>\n","protected":false},"excerpt":{"rendered":"","protected":false},"author":1,"featured_media":0,"parent":0,"menu_order":0,"comment_status":"closed","ping_status":"closed","template":"","meta":{"_acf_changed":false,"footnotes":""},"class_list":["post-20451","page","type-page","status-publish","hentry"],"acf":[],"_links":{"self":[{"href":"https:\/\/menesianosoy.org\/index.php\/wp-json\/wp\/v2\/pages\/20451","targetHints":{"allow":["GET"]}}],"collection":[{"href":"https:\/\/menesianosoy.org\/index.php\/wp-json\/wp\/v2\/pages"}],"about":[{"href":"https:\/\/menesianosoy.org\/index.php\/wp-json\/wp\/v2\/types\/page"}],"author":[{"embeddable":true,"href":"https:\/\/menesianosoy.org\/index.php\/wp-json\/wp\/v2\/users\/1"}],"replies":[{"embeddable":true,"href":"https:\/\/menesianosoy.org\/index.php\/wp-json\/wp\/v2\/comments?post=20451"}],"version-history":[{"count":1,"href":"https:\/\/menesianosoy.org\/index.php\/wp-json\/wp\/v2\/pages\/20451\/revisions"}],"predecessor-version":[{"id":20452,"href":"https:\/\/menesianosoy.org\/index.php\/wp-json\/wp\/v2\/pages\/20451\/revisions\/20452"}],"wp:attachment":[{"href":"https:\/\/menesianosoy.org\/index.php\/wp-json\/wp\/v2\/media?parent=20451"}],"curies":[{"name":"wp","href":"https:\/\/api.w.org\/{rel}","templated":true}]}}