{"id":2150,"date":"2023-08-28T13:24:16","date_gmt":"2023-08-28T16:24:16","guid":{"rendered":"https:\/\/menesianosoy.org\/?page_id=2150"},"modified":"2023-08-28T13:24:16","modified_gmt":"2023-08-28T16:24:16","slug":"cartas-del-superior-general-2-2","status":"publish","type":"page","link":"https:\/\/menesianosoy.org\/index.php\/cartas-del-superior-general-2-2\/","title":{"rendered":"Oraci\u00f3n vocacional"},"content":{"rendered":"<div class=\"pt-cv-wrapper\"><div class=\"pt-cv-view pt-cv-grid pt-cv-colsys\" id=\"pt-cv-view-8cd79acc3v\"><div data-id=\"pt-cv-page-1\" class=\"pt-cv-page\" data-cvc=\"3\"><div class=\"col-md-4 col-sm-6 col-xs-12 pt-cv-content-item pt-cv-1-col\" ><div class='pt-cv-ifield'><a href=\"https:\/\/menesianosoy.org\/index.php\/2024\/01\/11\/en-el-cenaculo-con-maria\/\" class=\"_self pt-cv-href-thumbnail pt-cv-thumb-default\" target=\"_self\" ><img loading=\"lazy\" decoding=\"async\" width=\"249\" height=\"300\" src=\"https:\/\/menesianosoy.org\/wp-content\/uploads\/2024\/01\/117823216_10157872344959633_7195403537989704017_n-249x300.jpg\" class=\"pt-cv-thumbnail\" alt=\"\" srcset=\"https:\/\/menesianosoy.org\/wp-content\/uploads\/2024\/01\/117823216_10157872344959633_7195403537989704017_n-249x300.jpg 249w, https:\/\/menesianosoy.org\/wp-content\/uploads\/2024\/01\/117823216_10157872344959633_7195403537989704017_n.jpg 531w\" sizes=\"auto, (max-width: 249px) 85vw, 249px\" \/><\/a>\n<h4 class=\"pt-cv-title\"><a href=\"https:\/\/menesianosoy.org\/index.php\/2024\/01\/11\/en-el-cenaculo-con-maria\/\" class=\"_self\" target=\"_self\" >En el Cenaculo con Maria.<\/a><\/h4>\n<div class=\"pt-cv-content\">ORACION-VOCACIONAL-DEL-DIA-JUEVES-1Descarga ...<br \/><div class=\"pt-cv-rmwrap\"><a href=\"https:\/\/menesianosoy.org\/index.php\/2024\/01\/11\/en-el-cenaculo-con-maria\/\" class=\"_self pt-cv-readmore btn btn-success\" target=\"_self\">Leer M\u00e1s<\/a><\/div><\/div><\/div><\/div>\n<div class=\"col-md-4 col-sm-6 col-xs-12 pt-cv-content-item pt-cv-1-col\" ><div class='pt-cv-ifield'><a href=\"https:\/\/menesianosoy.org\/index.php\/2024\/01\/11\/preparen-el-camino-jesus-llega\/\" class=\"_self pt-cv-href-thumbnail pt-cv-thumb-default\" target=\"_self\" ><\/a>\n<h4 class=\"pt-cv-title\"><a href=\"https:\/\/menesianosoy.org\/index.php\/2024\/01\/11\/preparen-el-camino-jesus-llega\/\" class=\"_self\" target=\"_self\" >Preparen el Camino, Jes\u00fas llega<\/a><\/h4>\n<div class=\"pt-cv-content\">advientoDescarga ...<br \/><div class=\"pt-cv-rmwrap\"><a href=\"https:\/\/menesianosoy.org\/index.php\/2024\/01\/11\/preparen-el-camino-jesus-llega\/\" class=\"_self pt-cv-readmore btn btn-success\" target=\"_self\">Leer M\u00e1s<\/a><\/div><\/div><\/div><\/div>\n<div class=\"col-md-4 col-sm-6 col-xs-12 pt-cv-content-item pt-cv-1-col\" ><div class='pt-cv-ifield'><a href=\"https:\/\/menesianosoy.org\/index.php\/2023\/10\/21\/pidan-al-dueno-de-los-sembrados-que-envie-trabajadores-para-la-cosecha\/\" class=\"_self pt-cv-href-thumbnail pt-cv-thumb-default\" target=\"_self\" ><\/a>\n<h4 class=\"pt-cv-title\"><a href=\"https:\/\/menesianosoy.org\/index.php\/2023\/10\/21\/pidan-al-dueno-de-los-sembrados-que-envie-trabajadores-para-la-cosecha\/\" class=\"_self\" target=\"_self\" >\u201cPidan al due\u00f1o de los sembrados que env\u00ede trabajadores para la cosecha.\u201d<\/a><\/h4>\n<div class=\"pt-cv-content\">Jueves 19 de octubre Oracion-visperas-jueves-19-de-octubreDescarga ...<br \/><div class=\"pt-cv-rmwrap\"><a href=\"https:\/\/menesianosoy.org\/index.php\/2023\/10\/21\/pidan-al-dueno-de-los-sembrados-que-envie-trabajadores-para-la-cosecha\/\" class=\"_self pt-cv-readmore btn btn-success\" target=\"_self\">Leer M\u00e1s<\/a><\/div><\/div><\/div><\/div>\n<div class=\"col-md-4 col-sm-6 col-xs-12 pt-cv-content-item pt-cv-1-col\" ><div class='pt-cv-ifield'><a href=\"https:\/\/menesianosoy.org\/index.php\/2023\/10\/21\/pidan-y-se-les-dara\/\" class=\"_self pt-cv-href-thumbnail pt-cv-thumb-default\" target=\"_self\" ><img loading=\"lazy\" decoding=\"async\" width=\"300\" height=\"252\" src=\"https:\/\/menesianosoy.org\/wp-content\/uploads\/2023\/10\/Captura-de-pantalla-327-300x252.png\" class=\"pt-cv-thumbnail\" alt=\"\" srcset=\"https:\/\/menesianosoy.org\/wp-content\/uploads\/2023\/10\/Captura-de-pantalla-327-300x252.png 300w, https:\/\/menesianosoy.org\/wp-content\/uploads\/2023\/10\/Captura-de-pantalla-327.png 699w\" sizes=\"auto, (max-width: 300px) 85vw, 300px\" \/><\/a>\n<h4 class=\"pt-cv-title\"><a href=\"https:\/\/menesianosoy.org\/index.php\/2023\/10\/21\/pidan-y-se-les-dara\/\" class=\"_self\" target=\"_self\" >\u201cPidan y se les dar\u00e1\u2026\u201d<\/a><\/h4>\n<div class=\"pt-cv-content\">Oraci\u00f3n Jueves 05 de octubre Oracion-5-octubreDescarga ...<br \/><div class=\"pt-cv-rmwrap\"><a href=\"https:\/\/menesianosoy.org\/index.php\/2023\/10\/21\/pidan-y-se-les-dara\/\" class=\"_self pt-cv-readmore btn btn-success\" target=\"_self\">Leer M\u00e1s<\/a><\/div><\/div><\/div><\/div>\n<div class=\"col-md-4 col-sm-6 col-xs-12 pt-cv-content-item pt-cv-1-col\" ><div class='pt-cv-ifield'><a href=\"https:\/\/menesianosoy.org\/index.php\/2023\/09\/21\/exaltacion-de-la-cruz\/\" class=\"_self pt-cv-href-thumbnail pt-cv-thumb-default\" target=\"_self\" ><img loading=\"lazy\" decoding=\"async\" width=\"300\" height=\"223\" src=\"https:\/\/menesianosoy.org\/wp-content\/uploads\/2023\/09\/Captura-de-pantalla-329-300x223.png\" class=\"pt-cv-thumbnail\" alt=\"\" srcset=\"https:\/\/menesianosoy.org\/wp-content\/uploads\/2023\/09\/Captura-de-pantalla-329-300x223.png 300w, https:\/\/menesianosoy.org\/wp-content\/uploads\/2023\/09\/Captura-de-pantalla-329-768x570.png 768w, https:\/\/menesianosoy.org\/wp-content\/uploads\/2023\/09\/Captura-de-pantalla-329.png 799w\" sizes=\"auto, (max-width: 300px) 85vw, 300px\" \/><\/a>\n<h4 class=\"pt-cv-title\"><a href=\"https:\/\/menesianosoy.org\/index.php\/2023\/09\/21\/exaltacion-de-la-cruz\/\" class=\"_self\" target=\"_self\" >EXALTACI\u00d3N DE LA CRUZ<\/a><\/h4>\n<div class=\"pt-cv-content\">Jueves 14 de septiembre La-Exaltacion-de-la-CruzDescarga ...<br \/><div class=\"pt-cv-rmwrap\"><a href=\"https:\/\/menesianosoy.org\/index.php\/2023\/09\/21\/exaltacion-de-la-cruz\/\" class=\"_self pt-cv-readmore btn btn-success\" target=\"_self\">Leer M\u00e1s<\/a><\/div><\/div><\/div><\/div>\n<div class=\"col-md-4 col-sm-6 col-xs-12 pt-cv-content-item pt-cv-1-col\" ><div class='pt-cv-ifield'><a href=\"https:\/\/menesianosoy.org\/index.php\/2023\/09\/21\/dejen-que-los-ninos-vengan-a-mi\/\" class=\"_self pt-cv-href-thumbnail pt-cv-thumb-default\" target=\"_self\" ><img loading=\"lazy\" decoding=\"async\" width=\"300\" height=\"275\" src=\"https:\/\/menesianosoy.org\/wp-content\/uploads\/2023\/09\/jesus-y-los-ninos--300x275.jpg\" class=\"pt-cv-thumbnail\" alt=\"\" srcset=\"https:\/\/menesianosoy.org\/wp-content\/uploads\/2023\/09\/jesus-y-los-ninos--300x275.jpg 300w, https:\/\/menesianosoy.org\/wp-content\/uploads\/2023\/09\/jesus-y-los-ninos-.jpg 500w\" sizes=\"auto, (max-width: 300px) 85vw, 300px\" \/><\/a>\n<h4 class=\"pt-cv-title\"><a href=\"https:\/\/menesianosoy.org\/index.php\/2023\/09\/21\/dejen-que-los-ninos-vengan-a-mi\/\" class=\"_self\" target=\"_self\" >Dejen que los ni\u00f1os vengan a m\u00ed<\/a><\/h4>\n<div class=\"pt-cv-content\">Les tra\u00edan ni\u00f1os para que los tocara, pero los disc\u00edpulos los reprend\u00edan. Jes\u00fas al verlo se indign\u00f3 y les dijo: ...<br \/><div class=\"pt-cv-rmwrap\"><a href=\"https:\/\/menesianosoy.org\/index.php\/2023\/09\/21\/dejen-que-los-ninos-vengan-a-mi\/\" class=\"_self pt-cv-readmore btn btn-success\" target=\"_self\">Leer M\u00e1s<\/a><\/div><\/div><\/div><\/div>\n<div class=\"col-md-4 col-sm-6 col-xs-12 pt-cv-content-item pt-cv-1-col\" ><div class='pt-cv-ifield'><a href=\"https:\/\/menesianosoy.org\/index.php\/2023\/09\/15\/abandinandolo-todo-lo-suguieron\/\" class=\"_self pt-cv-href-thumbnail pt-cv-thumb-default\" target=\"_self\" ><img loading=\"lazy\" decoding=\"async\" width=\"300\" height=\"169\" src=\"https:\/\/menesianosoy.org\/wp-content\/uploads\/2023\/09\/1578649763806-300x169.jpg\" class=\"pt-cv-thumbnail\" alt=\"\" srcset=\"https:\/\/menesianosoy.org\/wp-content\/uploads\/2023\/09\/1578649763806-300x169.jpg 300w, https:\/\/menesianosoy.org\/wp-content\/uploads\/2023\/09\/1578649763806-768x432.jpg 768w, https:\/\/menesianosoy.org\/wp-content\/uploads\/2023\/09\/1578649763806.jpg 976w\" sizes=\"auto, (max-width: 300px) 85vw, 300px\" \/><\/a>\n<h4 class=\"pt-cv-title\"><a href=\"https:\/\/menesianosoy.org\/index.php\/2023\/09\/15\/abandinandolo-todo-lo-suguieron\/\" class=\"_self\" target=\"_self\" >ABANDON\u00c1NDOLO TODO, LO SIGUIERON.<\/a><\/h4>\n<div class=\"pt-cv-content\">ABANDONANDOLO-TODO-LO-SIGUIERONDescarga 07 de septiembre ...<br \/><div class=\"pt-cv-rmwrap\"><a href=\"https:\/\/menesianosoy.org\/index.php\/2023\/09\/15\/abandinandolo-todo-lo-suguieron\/\" class=\"_self pt-cv-readmore btn btn-success\" target=\"_self\">Leer M\u00e1s<\/a><\/div><\/div><\/div><\/div>\n<div class=\"col-md-4 col-sm-6 col-xs-12 pt-cv-content-item pt-cv-1-col\" ><div class='pt-cv-ifield'><a href=\"https:\/\/menesianosoy.org\/index.php\/2023\/09\/05\/vocacion-gracia-y-compromiso\/\" class=\"_self pt-cv-href-thumbnail pt-cv-thumb-default\" target=\"_self\" ><img loading=\"lazy\" decoding=\"async\" width=\"300\" height=\"225\" src=\"https:\/\/menesianosoy.org\/wp-content\/uploads\/2023\/09\/Oracion-vocacional-300x225.jpg\" class=\"pt-cv-thumbnail\" alt=\"\" srcset=\"https:\/\/menesianosoy.org\/wp-content\/uploads\/2023\/09\/Oracion-vocacional-300x225.jpg 300w, https:\/\/menesianosoy.org\/wp-content\/uploads\/2023\/09\/Oracion-vocacional-768x576.jpg 768w, https:\/\/menesianosoy.org\/wp-content\/uploads\/2023\/09\/Oracion-vocacional.jpg 960w\" sizes=\"auto, (max-width: 300px) 85vw, 300px\" \/><\/a>\n<h4 class=\"pt-cv-title\"><a href=\"https:\/\/menesianosoy.org\/index.php\/2023\/09\/05\/vocacion-gracia-y-compromiso\/\" class=\"_self\" target=\"_self\" >Vocaci\u00f3n: gracia y compromiso.<\/a><\/h4>\n<div class=\"pt-cv-content\">Vocacion-gracia-y-compromisoDescarga ...<br \/><div class=\"pt-cv-rmwrap\"><a href=\"https:\/\/menesianosoy.org\/index.php\/2023\/09\/05\/vocacion-gracia-y-compromiso\/\" class=\"_self pt-cv-readmore btn btn-success\" target=\"_self\">Leer M\u00e1s<\/a><\/div><\/div><\/div><\/div>\n<div class=\"col-md-4 col-sm-6 col-xs-12 pt-cv-content-item pt-cv-1-col\" ><div class='pt-cv-ifield'><a href=\"https:\/\/menesianosoy.org\/index.php\/2023\/08\/28\/24-de-agosto\/\" class=\"_self pt-cv-href-thumbnail pt-cv-thumb-default\" target=\"_self\" ><img loading=\"lazy\" decoding=\"async\" width=\"300\" height=\"169\" src=\"https:\/\/menesianosoy.org\/wp-content\/uploads\/2023\/08\/Lo-hemos-encontrado-Oracion-24-de-agosto1-300x169.jpg\" class=\"pt-cv-thumbnail\" alt=\"\" srcset=\"https:\/\/menesianosoy.org\/wp-content\/uploads\/2023\/08\/Lo-hemos-encontrado-Oracion-24-de-agosto1-300x169.jpg 300w, https:\/\/menesianosoy.org\/wp-content\/uploads\/2023\/08\/Lo-hemos-encontrado-Oracion-24-de-agosto1-1024x576.jpg 1024w, https:\/\/menesianosoy.org\/wp-content\/uploads\/2023\/08\/Lo-hemos-encontrado-Oracion-24-de-agosto1-768x432.jpg 768w, https:\/\/menesianosoy.org\/wp-content\/uploads\/2023\/08\/Lo-hemos-encontrado-Oracion-24-de-agosto1-1200x675.jpg 1200w, https:\/\/menesianosoy.org\/wp-content\/uploads\/2023\/08\/Lo-hemos-encontrado-Oracion-24-de-agosto1.jpg 1280w\" sizes=\"auto, (max-width: 300px) 85vw, 300px\" \/><\/a>\n<h4 class=\"pt-cv-title\"><a href=\"https:\/\/menesianosoy.org\/index.php\/2023\/08\/28\/24-de-agosto\/\" class=\"_self\" target=\"_self\" >Lo Hemos encontrado<\/a><\/h4>\n<div class=\"pt-cv-content\">Descarga ...<br \/><div class=\"pt-cv-rmwrap\"><a href=\"https:\/\/menesianosoy.org\/index.php\/2023\/08\/28\/24-de-agosto\/\" class=\"_self pt-cv-readmore btn btn-success\" target=\"_self\">Leer M\u00e1s<\/a><\/div><\/div><\/div><\/div><\/div><\/div>\n<div class=\" pt-cv-pagination-wrapper\"><ul class=\"pt-cv-pagination pt-cv-ajax pagination\" data-totalpages=\"2\" data-currentpage=\"1\" data-sid=\"8cd79acc3v\" data-unid=\"\" data-isblock=\"\" data-postid=\"\"><li class=\"active\"><a href=\"#\">1<\/a><\/li>\n\t<li ><a class=\"\" href=\"https:\/\/menesianosoy.org\/index.php\/wp-json\/wp\/v2\/pages\/2150\/?_page=2\">2<\/a><\/li>\n\t<li ><a class=\" \" href=\"https:\/\/menesianosoy.org\/index.php\/wp-json\/wp\/v2\/pages\/2150\/?_page=2\">&rsaquo;<\/a><\/li>\n\t<\/ul><img loading=\"lazy\" decoding=\"async\" width=\"15\" height=\"15\" class=\"pt-cv-spinner\" alt=\"Cargando...\" src=\"data:image\/gif;base64,R0lGODlhDwAPALMPAMrKygwMDJOTkz09PZWVla+vr3p6euTk5M7OzuXl5TMzMwAAAJmZmWZmZszMzP\/\/\/yH\/C05FVFNDQVBFMi4wAwEAAAAh+QQFCgAPACwAAAAADwAPAAAEQvDJaZaZOIcV8iQK8VRX4iTYoAwZ4iCYoAjZ4RxejhVNoT+mRGP4cyF4Pp0N98sBGIBMEMOotl6YZ3S61Bmbkm4mAgAh+QQFCgAPACwAAAAADQANAAAENPDJSRSZeA418itN8QiK8BiLITVsFiyBBIoYqnoewAD4xPw9iY4XLGYSjkQR4UAUD45DLwIAIfkEBQoADwAsAAAAAA8ACQAABC\/wyVlamTi3nSdgwFNdhEJgTJoNyoB9ISYoQmdjiZPcj7EYCAeCF1gEDo4Dz2eIAAAh+QQFCgAPACwCAAAADQANAAAEM\/DJBxiYeLKdX3IJZT1FU0iIg2RNKx3OkZVnZ98ToRD4MyiDnkAh6BkNC0MvsAj0kMpHBAAh+QQFCgAPACwGAAAACQAPAAAEMDC59KpFDll73HkAA2wVY5KgiK5b0RRoI6MuzG6EQqCDMlSGheEhUAgqgUUAFRySIgAh+QQFCgAPACwCAAIADQANAAAEM\/DJKZNLND\/kkKaHc3xk+QAMYDKsiaqmZCxGVjSFFCxB1vwy2oOgIDxuucxAMTAJFAJNBAAh+QQFCgAPACwAAAYADwAJAAAEMNAs86q1yaWwwv2Ig0jUZx3OYa4XoRAfwADXoAwfo1+CIjyFRuEho60aSNYlOPxEAAAh+QQFCgAPACwAAAIADQANAAAENPA9s4y8+IUVcqaWJ4qEQozSoAzoIyhCK2NFU2SJk0hNnyEOhKR2AzAAj4Pj4GE4W0bkJQIAOw==\" \/><div class=\"clear pt-cv-clear-pagination\"><\/div><\/div><\/div>\n","protected":false},"excerpt":{"rendered":"","protected":false},"author":1,"featured_media":0,"parent":0,"menu_order":0,"comment_status":"closed","ping_status":"closed","template":"","meta":{"_acf_changed":false,"footnotes":""},"class_list":["post-2150","page","type-page","status-publish","hentry"],"acf":[],"_links":{"self":[{"href":"https:\/\/menesianosoy.org\/index.php\/wp-json\/wp\/v2\/pages\/2150","targetHints":{"allow":["GET"]}}],"collection":[{"href":"https:\/\/menesianosoy.org\/index.php\/wp-json\/wp\/v2\/pages"}],"about":[{"href":"https:\/\/menesianosoy.org\/index.php\/wp-json\/wp\/v2\/types\/page"}],"author":[{"embeddable":true,"href":"https:\/\/menesianosoy.org\/index.php\/wp-json\/wp\/v2\/users\/1"}],"replies":[{"embeddable":true,"href":"https:\/\/menesianosoy.org\/index.php\/wp-json\/wp\/v2\/comments?post=2150"}],"version-history":[{"count":1,"href":"https:\/\/menesianosoy.org\/index.php\/wp-json\/wp\/v2\/pages\/2150\/revisions"}],"predecessor-version":[{"id":2151,"href":"https:\/\/menesianosoy.org\/index.php\/wp-json\/wp\/v2\/pages\/2150\/revisions\/2151"}],"wp:attachment":[{"href":"https:\/\/menesianosoy.org\/index.php\/wp-json\/wp\/v2\/media?parent=2150"}],"curies":[{"name":"wp","href":"https:\/\/api.w.org\/{rel}","templated":true}]}}