{"id":2845,"date":"2023-09-07T09:35:39","date_gmt":"2023-09-07T12:35:39","guid":{"rendered":"https:\/\/menesianosoy.org\/?page_id=2845"},"modified":"2023-09-07T09:35:39","modified_gmt":"2023-09-07T12:35:39","slug":"recursos-textos-de-juan-maria-3","status":"publish","type":"page","link":"https:\/\/menesianosoy.org\/index.php\/recursos-textos-de-juan-maria-3\/","title":{"rendered":"Recursos \/ Did\u00e1cticos"},"content":{"rendered":"<div class=\"pt-cv-wrapper\"><div class=\"pt-cv-view pt-cv-grid pt-cv-colsys\" id=\"pt-cv-view-47d56728hl\"><div data-id=\"pt-cv-page-1\" class=\"pt-cv-page\" data-cvc=\"3\"><div class=\"col-md-4 col-sm-6 col-xs-12 pt-cv-content-item pt-cv-1-col\" ><div class='pt-cv-ifield'><a href=\"https:\/\/menesianosoy.org\/index.php\/2025\/08\/26\/novena-25\/\" class=\"_self pt-cv-href-thumbnail pt-cv-thumb-default\" target=\"_self\" ><\/a>\n<h4 class=\"pt-cv-title\"><a href=\"https:\/\/menesianosoy.org\/index.php\/2025\/08\/26\/novena-25\/\" class=\"_self\" target=\"_self\" >Novena 25<\/a><\/h4>\n<div class=\"pt-cv-content\">Cada 8 de septiembre, es una fecha muy importante para los menesianos, porque celebramos y conmemoramos el nacimiento de Juan ...<br \/><div class=\"pt-cv-rmwrap\"><a href=\"https:\/\/menesianosoy.org\/index.php\/2025\/08\/26\/novena-25\/\" class=\"_self pt-cv-readmore btn btn-success\" target=\"_self\">Leer M\u00e1s<\/a><\/div><\/div><\/div><\/div>\n<div class=\"col-md-4 col-sm-6 col-xs-12 pt-cv-content-item pt-cv-1-col\" ><div class='pt-cv-ifield'><a href=\"https:\/\/menesianosoy.org\/index.php\/2024\/09\/06\/llamados-a-ser-servidores-de-esperanza\/\" class=\"_self pt-cv-href-thumbnail pt-cv-thumb-default\" target=\"_self\" ><img loading=\"lazy\" decoding=\"async\" width=\"208\" height=\"300\" src=\"https:\/\/menesianosoy.org\/wp-content\/uploads\/2024\/09\/Portada-Capitulo-general-208x300.png\" class=\"pt-cv-thumbnail\" alt=\"\" srcset=\"https:\/\/menesianosoy.org\/wp-content\/uploads\/2024\/09\/Portada-Capitulo-general-208x300.png 208w, https:\/\/menesianosoy.org\/wp-content\/uploads\/2024\/09\/Portada-Capitulo-general.png 411w\" sizes=\"auto, (max-width: 208px) 85vw, 208px\" \/><\/a>\n<h4 class=\"pt-cv-title\"><a href=\"https:\/\/menesianosoy.org\/index.php\/2024\/09\/06\/llamados-a-ser-servidores-de-esperanza\/\" class=\"_self\" target=\"_self\" >Llamados a ser servidores de esperanza<\/a><\/h4>\n<div class=\"pt-cv-content\">Cap\u00edtulo General 2024 Documento-Capitulo-General-2024Descarga ...<br \/><div class=\"pt-cv-rmwrap\"><a href=\"https:\/\/menesianosoy.org\/index.php\/2024\/09\/06\/llamados-a-ser-servidores-de-esperanza\/\" class=\"_self pt-cv-readmore btn btn-success\" target=\"_self\">Leer M\u00e1s<\/a><\/div><\/div><\/div><\/div>\n<div class=\"col-md-4 col-sm-6 col-xs-12 pt-cv-content-item pt-cv-1-col\" ><div class='pt-cv-ifield'><a href=\"https:\/\/menesianosoy.org\/index.php\/2024\/08\/26\/novena-24\/\" class=\"_self pt-cv-href-thumbnail pt-cv-thumb-default\" target=\"_self\" ><img loading=\"lazy\" decoding=\"async\" width=\"300\" height=\"191\" src=\"https:\/\/menesianosoy.org\/wp-content\/uploads\/2024\/08\/Sans-titre-11-1-300x191.jpg\" class=\"pt-cv-thumbnail\" alt=\"\" srcset=\"https:\/\/menesianosoy.org\/wp-content\/uploads\/2024\/08\/Sans-titre-11-1-300x191.jpg 300w, https:\/\/menesianosoy.org\/wp-content\/uploads\/2024\/08\/Sans-titre-11-1.jpg 500w\" sizes=\"auto, (max-width: 300px) 85vw, 300px\" \/><\/a>\n<h4 class=\"pt-cv-title\"><a href=\"https:\/\/menesianosoy.org\/index.php\/2024\/08\/26\/novena-24\/\" class=\"_self\" target=\"_self\" >NOVENA 24<\/a><\/h4>\n<div class=\"pt-cv-content\">Estimado educador: La novena menesiana es tradici\u00f3n en nuestra escuela, particularmente en nuestro distrito. Es parte de la construcci\u00f3n de ...<br \/><div class=\"pt-cv-rmwrap\"><a href=\"https:\/\/menesianosoy.org\/index.php\/2024\/08\/26\/novena-24\/\" class=\"_self pt-cv-readmore btn btn-success\" target=\"_self\">Leer M\u00e1s<\/a><\/div><\/div><\/div><\/div>\n<div class=\"col-md-4 col-sm-6 col-xs-12 pt-cv-content-item pt-cv-1-col\" ><div class='pt-cv-ifield'><a href=\"https:\/\/menesianosoy.org\/index.php\/2024\/08\/26\/juan-maria-amigo-de-los-ninos\/\" class=\"_self pt-cv-href-thumbnail pt-cv-thumb-default\" target=\"_self\" ><img loading=\"lazy\" decoding=\"async\" width=\"300\" height=\"216\" src=\"https:\/\/menesianosoy.org\/wp-content\/uploads\/2024\/08\/jm-300x216.png\" class=\"pt-cv-thumbnail\" alt=\"\" srcset=\"https:\/\/menesianosoy.org\/wp-content\/uploads\/2024\/08\/jm-300x216.png 300w, https:\/\/menesianosoy.org\/wp-content\/uploads\/2024\/08\/jm.png 500w\" sizes=\"auto, (max-width: 300px) 85vw, 300px\" \/><\/a>\n<h4 class=\"pt-cv-title\"><a href=\"https:\/\/menesianosoy.org\/index.php\/2024\/08\/26\/juan-maria-amigo-de-los-ninos\/\" class=\"_self\" target=\"_self\" >Juan Mar\u00eda, amigo de Dios y de los ni\u00f1os<\/a><\/h4>\n<div class=\"pt-cv-content\">JUAN-MARIA-AMIGO-DE-DIOS-Y-DE-LOS-NINOSDescarga ...<br \/><div class=\"pt-cv-rmwrap\"><a href=\"https:\/\/menesianosoy.org\/index.php\/2024\/08\/26\/juan-maria-amigo-de-los-ninos\/\" class=\"_self pt-cv-readmore btn btn-success\" target=\"_self\">Leer M\u00e1s<\/a><\/div><\/div><\/div><\/div>\n<div class=\"col-md-4 col-sm-6 col-xs-12 pt-cv-content-item pt-cv-1-col\" ><div class='pt-cv-ifield'><a href=\"https:\/\/menesianosoy.org\/index.php\/2023\/09\/13\/comic-juan-maria\/\" class=\"_self pt-cv-href-thumbnail pt-cv-thumb-default\" target=\"_self\" ><img loading=\"lazy\" decoding=\"async\" width=\"267\" height=\"300\" src=\"https:\/\/menesianosoy.org\/wp-content\/uploads\/2023\/09\/Juan-267x300.jpg\" class=\"pt-cv-thumbnail\" alt=\"\" srcset=\"https:\/\/menesianosoy.org\/wp-content\/uploads\/2023\/09\/Juan-267x300.jpg 267w, https:\/\/menesianosoy.org\/wp-content\/uploads\/2023\/09\/Juan.jpg 442w\" sizes=\"auto, (max-width: 267px) 85vw, 267px\" \/><\/a>\n<h4 class=\"pt-cv-title\"><a href=\"https:\/\/menesianosoy.org\/index.php\/2023\/09\/13\/comic-juan-maria\/\" class=\"_self\" target=\"_self\" >Comic Juan Mar\u00eda<\/a><\/h4>\n<div class=\"pt-cv-content\">La vida de Juan Mar\u00eda en comic, siguiendo el esquema de 'El Corsario de Dios'. Juan Mar\u00eda de la Mennais ...<br \/><div class=\"pt-cv-rmwrap\"><a href=\"https:\/\/menesianosoy.org\/index.php\/2023\/09\/13\/comic-juan-maria\/\" class=\"_self pt-cv-readmore btn btn-success\" target=\"_self\">Leer M\u00e1s<\/a><\/div><\/div><\/div><\/div>\n<div class=\"col-md-4 col-sm-6 col-xs-12 pt-cv-content-item pt-cv-1-col\" ><div class='pt-cv-ifield'><a href=\"https:\/\/menesianosoy.org\/index.php\/2023\/09\/08\/vida-de-juan-maria\/\" class=\"_self pt-cv-href-thumbnail pt-cv-thumb-default\" target=\"_self\" ><\/a>\n<h4 class=\"pt-cv-title\"><a href=\"https:\/\/menesianosoy.org\/index.php\/2023\/09\/08\/vida-de-juan-maria\/\" class=\"_self\" target=\"_self\" >Vida de Juan Mar\u00eda para ni\u00f1os<\/a><\/h4>\n<div class=\"pt-cv-content\">Video que cuenta la vida de Juan Mar\u00eda para los ni\u00f1os ...<br \/><div class=\"pt-cv-rmwrap\"><a href=\"https:\/\/menesianosoy.org\/index.php\/2023\/09\/08\/vida-de-juan-maria\/\" class=\"_self pt-cv-readmore btn btn-success\" target=\"_self\">Leer M\u00e1s<\/a><\/div><\/div><\/div><\/div>\n<div class=\"col-md-4 col-sm-6 col-xs-12 pt-cv-content-item pt-cv-1-col\" ><div class='pt-cv-ifield'><a href=\"https:\/\/menesianosoy.org\/index.php\/2023\/09\/08\/conociendo-a-juan-maria\/\" class=\"_self pt-cv-href-thumbnail pt-cv-thumb-default\" target=\"_self\" ><\/a>\n<h4 class=\"pt-cv-title\"><a href=\"https:\/\/menesianosoy.org\/index.php\/2023\/09\/08\/conociendo-a-juan-maria\/\" class=\"_self\" target=\"_self\" >Juan Mar\u00eda y los Menesianos<\/a><\/h4>\n<div class=\"pt-cv-content\">Sencillo archivo para conocer algunos datos b\u00e1sicos de Juan Mar\u00eda y los menesianos en el Cono Sur. Juan Maria y ...<br \/><div class=\"pt-cv-rmwrap\"><a href=\"https:\/\/menesianosoy.org\/index.php\/2023\/09\/08\/conociendo-a-juan-maria\/\" class=\"_self pt-cv-readmore btn btn-success\" target=\"_self\">Leer M\u00e1s<\/a><\/div><\/div><\/div><\/div>\n<div class=\"col-md-4 col-sm-6 col-xs-12 pt-cv-content-item pt-cv-1-col\" ><div class='pt-cv-ifield'><a href=\"https:\/\/menesianosoy.org\/index.php\/2023\/09\/08\/el-nino-de-los-ojos-grandes\/\" class=\"_self pt-cv-href-thumbnail pt-cv-thumb-default\" target=\"_self\" ><img loading=\"lazy\" decoding=\"async\" width=\"300\" height=\"202\" src=\"https:\/\/menesianosoy.org\/wp-content\/uploads\/2023\/09\/El-nino-300x202.png\" class=\"pt-cv-thumbnail\" alt=\"\" srcset=\"https:\/\/menesianosoy.org\/wp-content\/uploads\/2023\/09\/El-nino-300x202.png 300w, https:\/\/menesianosoy.org\/wp-content\/uploads\/2023\/09\/El-nino.png 500w\" sizes=\"auto, (max-width: 300px) 85vw, 300px\" \/><\/a>\n<h4 class=\"pt-cv-title\"><a href=\"https:\/\/menesianosoy.org\/index.php\/2023\/09\/08\/el-nino-de-los-ojos-grandes\/\" class=\"_self\" target=\"_self\" >El ni\u00f1o de los ojos grandes<\/a><\/h4>\n<div class=\"pt-cv-content\">Vida de Juan Mar\u00eda para los m\u00e1s peque\u00f1os. Juan Mar\u00eda el ni\u00f1o de los ojos grandes ...<br \/><div class=\"pt-cv-rmwrap\"><a href=\"https:\/\/menesianosoy.org\/index.php\/2023\/09\/08\/el-nino-de-los-ojos-grandes\/\" class=\"_self pt-cv-readmore btn btn-success\" target=\"_self\">Leer M\u00e1s<\/a><\/div><\/div><\/div><\/div><\/div><\/div><\/div>\n","protected":false},"excerpt":{"rendered":"","protected":false},"author":1,"featured_media":0,"parent":0,"menu_order":0,"comment_status":"closed","ping_status":"closed","template":"","meta":{"_acf_changed":false,"footnotes":""},"class_list":["post-2845","page","type-page","status-publish","hentry"],"acf":[],"_links":{"self":[{"href":"https:\/\/menesianosoy.org\/index.php\/wp-json\/wp\/v2\/pages\/2845","targetHints":{"allow":["GET"]}}],"collection":[{"href":"https:\/\/menesianosoy.org\/index.php\/wp-json\/wp\/v2\/pages"}],"about":[{"href":"https:\/\/menesianosoy.org\/index.php\/wp-json\/wp\/v2\/types\/page"}],"author":[{"embeddable":true,"href":"https:\/\/menesianosoy.org\/index.php\/wp-json\/wp\/v2\/users\/1"}],"replies":[{"embeddable":true,"href":"https:\/\/menesianosoy.org\/index.php\/wp-json\/wp\/v2\/comments?post=2845"}],"version-history":[{"count":1,"href":"https:\/\/menesianosoy.org\/index.php\/wp-json\/wp\/v2\/pages\/2845\/revisions"}],"predecessor-version":[{"id":2846,"href":"https:\/\/menesianosoy.org\/index.php\/wp-json\/wp\/v2\/pages\/2845\/revisions\/2846"}],"wp:attachment":[{"href":"https:\/\/menesianosoy.org\/index.php\/wp-json\/wp\/v2\/media?parent=2845"}],"curies":[{"name":"wp","href":"https:\/\/api.w.org\/{rel}","templated":true}]}}