{"id":35,"date":"2023-07-03T14:49:17","date_gmt":"2023-07-03T17:49:17","guid":{"rendered":"https:\/\/menesianosoy.org\/?page_id=35"},"modified":"2023-07-03T14:49:17","modified_gmt":"2023-07-03T17:49:17","slug":"recursos-textos-de-juan-maria","status":"publish","type":"page","link":"https:\/\/menesianosoy.org\/index.php\/recursos-textos-de-juan-maria\/","title":{"rendered":"Recursos \/ Textos de Juan Mar\u00eda"},"content":{"rendered":"<div class=\"pt-cv-wrapper\"><div class=\"pt-cv-view pt-cv-grid pt-cv-colsys\" id=\"pt-cv-view-5a18f6eyc4\"><div data-id=\"pt-cv-page-1\" class=\"pt-cv-page\" data-cvc=\"2\"><div class=\"col-md-6 col-sm-6 col-xs-12 pt-cv-content-item pt-cv-1-col\" ><div class='pt-cv-ifield'><a href=\"https:\/\/menesianosoy.org\/index.php\/2025\/01\/24\/encuentro-con-jesus\/\" class=\"_self pt-cv-href-thumbnail pt-cv-thumb-default\" target=\"_self\" ><img loading=\"lazy\" decoding=\"async\" width=\"300\" height=\"274\" src=\"https:\/\/menesianosoy.org\/wp-content\/uploads\/2025\/01\/encuentro_con_jesus1-300x274.jpg\" class=\"pt-cv-thumbnail\" alt=\"\" srcset=\"https:\/\/menesianosoy.org\/wp-content\/uploads\/2025\/01\/encuentro_con_jesus1-300x274.jpg 300w, https:\/\/menesianosoy.org\/wp-content\/uploads\/2025\/01\/encuentro_con_jesus1.jpg 500w\" sizes=\"auto, (max-width: 300px) 85vw, 300px\" \/><\/a>\n<h4 class=\"pt-cv-title\"><a href=\"https:\/\/menesianosoy.org\/index.php\/2025\/01\/24\/encuentro-con-jesus\/\" class=\"_self\" target=\"_self\" >Juan Mar\u00eda sobre el encuentro con Jes\u00fas<\/a><\/h4>\n<div class=\"pt-cv-content\">Somos seguidores de Jes\u00fas. Para seguirlo hay que encontrarse con \u00e9l y escucharlo. Muchas mediaciones tenemos para encontrarnos con \u00e9l ...<br \/><div class=\"pt-cv-rmwrap\"><a href=\"https:\/\/menesianosoy.org\/index.php\/2025\/01\/24\/encuentro-con-jesus\/\" class=\"_self pt-cv-readmore btn btn-success\" target=\"_self\">Leer M\u00e1s<\/a><\/div><\/div><\/div><\/div>\n<div class=\"col-md-6 col-sm-6 col-xs-12 pt-cv-content-item pt-cv-1-col\" ><div class='pt-cv-ifield'><a href=\"https:\/\/menesianosoy.org\/index.php\/2025\/01\/24\/juan-maria-sobre-la-oracion\/\" class=\"_self pt-cv-href-thumbnail pt-cv-thumb-default\" target=\"_self\" ><img loading=\"lazy\" decoding=\"async\" width=\"300\" height=\"192\" src=\"https:\/\/menesianosoy.org\/wp-content\/uploads\/2025\/01\/young-girl-praying-with-hands-clasped-together-photo-300x192.jpg\" class=\"pt-cv-thumbnail\" alt=\"\" srcset=\"https:\/\/menesianosoy.org\/wp-content\/uploads\/2025\/01\/young-girl-praying-with-hands-clasped-together-photo-300x192.jpg 300w, https:\/\/menesianosoy.org\/wp-content\/uploads\/2025\/01\/young-girl-praying-with-hands-clasped-together-photo.jpg 313w\" sizes=\"auto, (max-width: 300px) 85vw, 300px\" \/><\/a>\n<h4 class=\"pt-cv-title\"><a href=\"https:\/\/menesianosoy.org\/index.php\/2025\/01\/24\/juan-maria-sobre-la-oracion\/\" class=\"_self\" target=\"_self\" >Juan Mar\u00eda sobre la oraci\u00f3n<\/a><\/h4>\n<div class=\"pt-cv-content\">Juan Mar\u00eda era un hombre de oraci\u00f3n y no entend\u00eda a un seguidor de Jes\u00fas sin la comunicaci\u00f3n permanente con ...<br \/><div class=\"pt-cv-rmwrap\"><a href=\"https:\/\/menesianosoy.org\/index.php\/2025\/01\/24\/juan-maria-sobre-la-oracion\/\" class=\"_self pt-cv-readmore btn btn-success\" target=\"_self\">Leer M\u00e1s<\/a><\/div><\/div><\/div><\/div>\n<div class=\"col-md-6 col-sm-6 col-xs-12 pt-cv-content-item pt-cv-1-col\" ><div class='pt-cv-ifield'><a href=\"https:\/\/menesianosoy.org\/index.php\/2024\/09\/09\/el-camino\/\" class=\"_self pt-cv-href-thumbnail pt-cv-thumb-default\" target=\"_self\" ><img loading=\"lazy\" decoding=\"async\" width=\"300\" height=\"183\" src=\"https:\/\/menesianosoy.org\/wp-content\/uploads\/2024\/09\/JOVEN-CAMINO-A-LA-CRUZ-e1659712511390-300x183.jpeg\" class=\"pt-cv-thumbnail\" alt=\"\" srcset=\"https:\/\/menesianosoy.org\/wp-content\/uploads\/2024\/09\/JOVEN-CAMINO-A-LA-CRUZ-e1659712511390-300x183.jpeg 300w, https:\/\/menesianosoy.org\/wp-content\/uploads\/2024\/09\/JOVEN-CAMINO-A-LA-CRUZ-e1659712511390.jpeg 450w\" sizes=\"auto, (max-width: 300px) 85vw, 300px\" \/><\/a>\n<h4 class=\"pt-cv-title\"><a href=\"https:\/\/menesianosoy.org\/index.php\/2024\/09\/09\/el-camino\/\" class=\"_self\" target=\"_self\" >El Camino<\/a><\/h4>\n<div class=\"pt-cv-content\">JUAN MAR\u00cdA le pide a sus disc\u00edpulos que, con una sencillez llena de amor, sigan el camino de Jes\u00fas, sin ...<br \/><div class=\"pt-cv-rmwrap\"><a href=\"https:\/\/menesianosoy.org\/index.php\/2024\/09\/09\/el-camino\/\" class=\"_self pt-cv-readmore btn btn-success\" target=\"_self\">Leer M\u00e1s<\/a><\/div><\/div><\/div><\/div>\n<div class=\"col-md-6 col-sm-6 col-xs-12 pt-cv-content-item pt-cv-1-col\" ><div class='pt-cv-ifield'><a href=\"https:\/\/menesianosoy.org\/index.php\/2024\/09\/09\/la-escucha\/\" class=\"_self pt-cv-href-thumbnail pt-cv-thumb-default\" target=\"_self\" ><img loading=\"lazy\" decoding=\"async\" width=\"204\" height=\"169\" src=\"https:\/\/menesianosoy.org\/wp-content\/uploads\/2024\/09\/depositphotos_58212419-stock-photo-man-is-listening-to-god-2.jpg\" class=\"pt-cv-thumbnail\" alt=\"\" \/><\/a>\n<h4 class=\"pt-cv-title\"><a href=\"https:\/\/menesianosoy.org\/index.php\/2024\/09\/09\/la-escucha\/\" class=\"_self\" target=\"_self\" >La escucha<\/a><\/h4>\n<div class=\"pt-cv-content\">JUAN MAR\u00cdA fue un hombre que tuvo el o\u00eddo atento a la voz de Dios y esperaba que sus disc\u00edpulos ...<br \/><div class=\"pt-cv-rmwrap\"><a href=\"https:\/\/menesianosoy.org\/index.php\/2024\/09\/09\/la-escucha\/\" class=\"_self pt-cv-readmore btn btn-success\" target=\"_self\">Leer M\u00e1s<\/a><\/div><\/div><\/div><\/div>\n<div class=\"col-md-6 col-sm-6 col-xs-12 pt-cv-content-item pt-cv-1-col\" ><div class='pt-cv-ifield'><a href=\"https:\/\/menesianosoy.org\/index.php\/2024\/09\/09\/dios-solo-citas\/\" class=\"_self pt-cv-href-thumbnail pt-cv-thumb-default\" target=\"_self\" ><img loading=\"lazy\" decoding=\"async\" width=\"150\" height=\"150\" src=\"https:\/\/menesianosoy.org\/wp-content\/uploads\/2024\/09\/ds-croix02-150x150-1.png\" class=\"pt-cv-thumbnail\" alt=\"\" \/><\/a>\n<h4 class=\"pt-cv-title\"><a href=\"https:\/\/menesianosoy.org\/index.php\/2024\/09\/09\/dios-solo-citas\/\" class=\"_self\" target=\"_self\" >Dios solo citas<\/a><\/h4>\n<div class=\"pt-cv-content\">DIOS S\u00d3LO es el lema que nos dej\u00f3 Juan Mar\u00eda. Fue, antes de transmit\u00edrselo a los Hermanos, un lema para ...<br \/><div class=\"pt-cv-rmwrap\"><a href=\"https:\/\/menesianosoy.org\/index.php\/2024\/09\/09\/dios-solo-citas\/\" class=\"_self pt-cv-readmore btn btn-success\" target=\"_self\">Leer M\u00e1s<\/a><\/div><\/div><\/div><\/div>\n<div class=\"col-md-6 col-sm-6 col-xs-12 pt-cv-content-item pt-cv-1-col\" ><div class='pt-cv-ifield'><a href=\"https:\/\/menesianosoy.org\/index.php\/2023\/08\/20\/la-providencia\/\" class=\"_self pt-cv-href-thumbnail pt-cv-thumb-default\" target=\"_self\" ><img loading=\"lazy\" decoding=\"async\" width=\"300\" height=\"211\" src=\"https:\/\/menesianosoy.org\/wp-content\/uploads\/2023\/08\/Providencia-300x211.gif\" class=\"pt-cv-thumbnail\" alt=\"\" \/><\/a>\n<h4 class=\"pt-cv-title\"><a href=\"https:\/\/menesianosoy.org\/index.php\/2023\/08\/20\/la-providencia\/\" class=\"_self\" target=\"_self\" >La providencia<\/a><\/h4>\n<div class=\"pt-cv-content\">El alma d\u00f3cil y manejable en las manos de Dios, que no se resiste a las inspiraciones de su gracia, ...<br \/><div class=\"pt-cv-rmwrap\"><a href=\"https:\/\/menesianosoy.org\/index.php\/2023\/08\/20\/la-providencia\/\" class=\"_self pt-cv-readmore btn btn-success\" target=\"_self\">Leer M\u00e1s<\/a><\/div><\/div><\/div><\/div>\n<div class=\"col-md-6 col-sm-6 col-xs-12 pt-cv-content-item pt-cv-1-col\" ><div class='pt-cv-ifield'><a href=\"https:\/\/menesianosoy.org\/index.php\/2023\/08\/02\/la-vocacion\/\" class=\"_self pt-cv-href-thumbnail pt-cv-thumb-default\" target=\"_self\" ><img loading=\"lazy\" decoding=\"async\" width=\"300\" height=\"209\" src=\"https:\/\/menesianosoy.org\/wp-content\/uploads\/2023\/08\/Vocacion-hacia-el-AMOR-1-300x209.jpg\" class=\"pt-cv-thumbnail\" alt=\"\" srcset=\"https:\/\/menesianosoy.org\/wp-content\/uploads\/2023\/08\/Vocacion-hacia-el-AMOR-1-300x209.jpg 300w, https:\/\/menesianosoy.org\/wp-content\/uploads\/2023\/08\/Vocacion-hacia-el-AMOR-1.jpg 500w\" sizes=\"auto, (max-width: 300px) 85vw, 300px\" \/><\/a>\n<h4 class=\"pt-cv-title\"><a href=\"https:\/\/menesianosoy.org\/index.php\/2023\/08\/02\/la-vocacion\/\" class=\"_self\" target=\"_self\" >La vocaci\u00f3n<\/a><\/h4>\n<div class=\"pt-cv-content\">Al menos durante este retiro, reflexionen seriamente en esto, mis queridos hijos y no vean su vocaci\u00f3n solo en relaci\u00f3n ...<br \/><div class=\"pt-cv-rmwrap\"><a href=\"https:\/\/menesianosoy.org\/index.php\/2023\/08\/02\/la-vocacion\/\" class=\"_self pt-cv-readmore btn btn-success\" target=\"_self\">Leer M\u00e1s<\/a><\/div><\/div><\/div><\/div>\n<div class=\"col-md-6 col-sm-6 col-xs-12 pt-cv-content-item pt-cv-1-col\" ><div class='pt-cv-ifield'><a href=\"https:\/\/menesianosoy.org\/index.php\/2023\/08\/02\/juan-maria-sobre-la-naturaleza\/\" class=\"_self pt-cv-href-thumbnail pt-cv-thumb-default\" target=\"_self\" ><img loading=\"lazy\" decoding=\"async\" width=\"284\" height=\"177\" src=\"https:\/\/menesianosoy.org\/wp-content\/uploads\/2023\/08\/descarga.jpg\" class=\"pt-cv-thumbnail\" alt=\"\" \/><\/a>\n<h4 class=\"pt-cv-title\"><a href=\"https:\/\/menesianosoy.org\/index.php\/2023\/08\/02\/juan-maria-sobre-la-naturaleza\/\" class=\"_self\" target=\"_self\" >Juan Mar\u00eda sobre la naturaleza<\/a><\/h4>\n<div class=\"pt-cv-content\">Juan Mar\u00eda era un hombre de su tiempo y en su tiempo la ecolog\u00eda no era una prioridad, ni una ...<br \/><div class=\"pt-cv-rmwrap\"><a href=\"https:\/\/menesianosoy.org\/index.php\/2023\/08\/02\/juan-maria-sobre-la-naturaleza\/\" class=\"_self pt-cv-readmore btn btn-success\" target=\"_self\">Leer M\u00e1s<\/a><\/div><\/div><\/div><\/div>\n<div class=\"col-md-6 col-sm-6 col-xs-12 pt-cv-content-item pt-cv-1-col\" ><div class='pt-cv-ifield'><a href=\"https:\/\/menesianosoy.org\/index.php\/2023\/07\/31\/516\/\" class=\"_self pt-cv-href-thumbnail pt-cv-thumb-default\" target=\"_self\" ><\/a>\n<h4 class=\"pt-cv-title\"><a href=\"https:\/\/menesianosoy.org\/index.php\/2023\/07\/31\/516\/\" class=\"_self\" target=\"_self\" >La Esperanza<\/a><\/h4>\n<div class=\"pt-cv-content\">La esperanza para Juan Mar\u00eda est\u00e1 ligada estrechamente a la confianza puesta en Dios, a la Providencia que vela por ...<br \/><div class=\"pt-cv-rmwrap\"><a href=\"https:\/\/menesianosoy.org\/index.php\/2023\/07\/31\/516\/\" class=\"_self pt-cv-readmore btn btn-success\" target=\"_self\">Leer M\u00e1s<\/a><\/div><\/div><\/div><\/div><\/div><\/div><\/div>\n","protected":false},"excerpt":{"rendered":"","protected":false},"author":1,"featured_media":0,"parent":0,"menu_order":0,"comment_status":"closed","ping_status":"closed","template":"","meta":{"_acf_changed":false,"footnotes":""},"class_list":["post-35","page","type-page","status-publish","hentry"],"acf":[],"_links":{"self":[{"href":"https:\/\/menesianosoy.org\/index.php\/wp-json\/wp\/v2\/pages\/35","targetHints":{"allow":["GET"]}}],"collection":[{"href":"https:\/\/menesianosoy.org\/index.php\/wp-json\/wp\/v2\/pages"}],"about":[{"href":"https:\/\/menesianosoy.org\/index.php\/wp-json\/wp\/v2\/types\/page"}],"author":[{"embeddable":true,"href":"https:\/\/menesianosoy.org\/index.php\/wp-json\/wp\/v2\/users\/1"}],"replies":[{"embeddable":true,"href":"https:\/\/menesianosoy.org\/index.php\/wp-json\/wp\/v2\/comments?post=35"}],"version-history":[{"count":1,"href":"https:\/\/menesianosoy.org\/index.php\/wp-json\/wp\/v2\/pages\/35\/revisions"}],"predecessor-version":[{"id":36,"href":"https:\/\/menesianosoy.org\/index.php\/wp-json\/wp\/v2\/pages\/35\/revisions\/36"}],"wp:attachment":[{"href":"https:\/\/menesianosoy.org\/index.php\/wp-json\/wp\/v2\/media?parent=35"}],"curies":[{"name":"wp","href":"https:\/\/api.w.org\/{rel}","templated":true}]}}