{"id":38,"date":"2023-07-03T14:51:24","date_gmt":"2023-07-03T17:51:24","guid":{"rendered":"https:\/\/menesianosoy.org\/?page_id=38"},"modified":"2023-07-03T14:51:25","modified_gmt":"2023-07-03T17:51:25","slug":"recursos-audios","status":"publish","type":"page","link":"https:\/\/menesianosoy.org\/index.php\/recursos-audios\/","title":{"rendered":"Recursos \/ Audios"},"content":{"rendered":"<div class=\"pt-cv-wrapper\"><div class=\"pt-cv-view pt-cv-grid pt-cv-colsys\" id=\"pt-cv-view-017f119jay\"><div data-id=\"pt-cv-page-1\" class=\"pt-cv-page\" data-cvc=\"3\"><div class=\"col-md-4 col-sm-6 col-xs-12 pt-cv-content-item pt-cv-1-col\" ><div class='pt-cv-ifield'><a href=\"https:\/\/menesianosoy.org\/index.php\/2023\/08\/30\/mensajeros-de-esperanza-h-javier\/\" class=\"_self pt-cv-href-thumbnail pt-cv-thumb-default\" target=\"_self\" ><\/a>\n<h4 class=\"pt-cv-title\"><a href=\"https:\/\/menesianosoy.org\/index.php\/2023\/08\/30\/mensajeros-de-esperanza-h-javier\/\" class=\"_self\" target=\"_self\" >Mensajeros de esperanza &#8211; H. Javier<\/a><\/h4>\n<div class=\"pt-cv-content\">1.- Mensajero es el que escuchala Palabra de Jes\u00fas,manteni\u00e9ndose en la luchay llenar el mundo de luz.Esperanza es desear futuro,pero ...<br \/><div class=\"pt-cv-rmwrap\"><a href=\"https:\/\/menesianosoy.org\/index.php\/2023\/08\/30\/mensajeros-de-esperanza-h-javier\/\" class=\"_self pt-cv-readmore btn btn-success\" target=\"_self\">Leer M\u00e1s<\/a><\/div><\/div><\/div><\/div>\n<div class=\"col-md-4 col-sm-6 col-xs-12 pt-cv-content-item pt-cv-1-col\" ><div class='pt-cv-ifield'><a href=\"https:\/\/menesianosoy.org\/index.php\/2023\/08\/15\/menesianos-achem\/\" class=\"_self pt-cv-href-thumbnail pt-cv-thumb-default\" target=\"_self\" ><\/a>\n<h4 class=\"pt-cv-title\"><a href=\"https:\/\/menesianosoy.org\/index.php\/2023\/08\/15\/menesianos-achem\/\" class=\"_self\" target=\"_self\" >Menesianos &#8211; Achem<\/a><\/h4>\n<div class=\"pt-cv-content\">Hace doscientos a\u00f1os, un hombre so\u00f1\u00f3 un proyecto de amor y trabajo. Su nombre era Juan Mar\u00eda, de apellido La ...<br \/><div class=\"pt-cv-rmwrap\"><a href=\"https:\/\/menesianosoy.org\/index.php\/2023\/08\/15\/menesianos-achem\/\" class=\"_self pt-cv-readmore btn btn-success\" target=\"_self\">Leer M\u00e1s<\/a><\/div><\/div><\/div><\/div>\n<div class=\"col-md-4 col-sm-6 col-xs-12 pt-cv-content-item pt-cv-1-col\" ><div class='pt-cv-ifield'><a href=\"https:\/\/menesianosoy.org\/index.php\/2023\/08\/15\/himno-al-fundador-achem\/\" class=\"_self pt-cv-href-thumbnail pt-cv-thumb-default\" target=\"_self\" ><\/a>\n<h4 class=\"pt-cv-title\"><a href=\"https:\/\/menesianosoy.org\/index.php\/2023\/08\/15\/himno-al-fundador-achem\/\" class=\"_self\" target=\"_self\" >Himno al fundador &#8211; Achem<\/a><\/h4>\n<div class=\"pt-cv-content\">Queremos seguir tus huellas, caminar por tus caminos, sembradores de estrellas, y norte de lo divino. Desde la infancia tu ...<br \/><div class=\"pt-cv-rmwrap\"><a href=\"https:\/\/menesianosoy.org\/index.php\/2023\/08\/15\/himno-al-fundador-achem\/\" class=\"_self pt-cv-readmore btn btn-success\" target=\"_self\">Leer M\u00e1s<\/a><\/div><\/div><\/div><\/div>\n<div class=\"col-md-4 col-sm-6 col-xs-12 pt-cv-content-item pt-cv-1-col\" ><div class='pt-cv-ifield'><a href=\"https:\/\/menesianosoy.org\/index.php\/2023\/08\/10\/artesanos-de-fraternidad\/\" class=\"_self pt-cv-href-thumbnail pt-cv-thumb-default\" target=\"_self\" ><\/a>\n<h4 class=\"pt-cv-title\"><a href=\"https:\/\/menesianosoy.org\/index.php\/2023\/08\/10\/artesanos-de-fraternidad\/\" class=\"_self\" target=\"_self\" >Artesanos de fraternidad<\/a><\/h4>\n<div class=\"pt-cv-content\">Invitarte a mi casa a jugar y prestarte colores para dibujar. Quedarnos un retiro a charlar. Preguntarte \u00bfqu\u00e9 pasa?, si ...<br \/><div class=\"pt-cv-rmwrap\"><a href=\"https:\/\/menesianosoy.org\/index.php\/2023\/08\/10\/artesanos-de-fraternidad\/\" class=\"_self pt-cv-readmore btn btn-success\" target=\"_self\">Leer M\u00e1s<\/a><\/div><\/div><\/div><\/div><\/div><\/div><\/div>\n","protected":false},"excerpt":{"rendered":"","protected":false},"author":1,"featured_media":0,"parent":0,"menu_order":0,"comment_status":"closed","ping_status":"closed","template":"","meta":{"_acf_changed":false,"footnotes":""},"class_list":["post-38","page","type-page","status-publish","hentry"],"acf":[],"_links":{"self":[{"href":"https:\/\/menesianosoy.org\/index.php\/wp-json\/wp\/v2\/pages\/38","targetHints":{"allow":["GET"]}}],"collection":[{"href":"https:\/\/menesianosoy.org\/index.php\/wp-json\/wp\/v2\/pages"}],"about":[{"href":"https:\/\/menesianosoy.org\/index.php\/wp-json\/wp\/v2\/types\/page"}],"author":[{"embeddable":true,"href":"https:\/\/menesianosoy.org\/index.php\/wp-json\/wp\/v2\/users\/1"}],"replies":[{"embeddable":true,"href":"https:\/\/menesianosoy.org\/index.php\/wp-json\/wp\/v2\/comments?post=38"}],"version-history":[{"count":1,"href":"https:\/\/menesianosoy.org\/index.php\/wp-json\/wp\/v2\/pages\/38\/revisions"}],"predecessor-version":[{"id":39,"href":"https:\/\/menesianosoy.org\/index.php\/wp-json\/wp\/v2\/pages\/38\/revisions\/39"}],"wp:attachment":[{"href":"https:\/\/menesianosoy.org\/index.php\/wp-json\/wp\/v2\/media?parent=38"}],"curies":[{"name":"wp","href":"https:\/\/api.w.org\/{rel}","templated":true}]}}