{"id":44,"date":"2023-07-03T14:58:33","date_gmt":"2023-07-03T17:58:33","guid":{"rendered":"https:\/\/menesianosoy.org\/?page_id=44"},"modified":"2023-07-04T17:14:24","modified_gmt":"2023-07-04T20:14:24","slug":"confirmacion","status":"publish","type":"page","link":"https:\/\/menesianosoy.org\/index.php\/confirmacion\/","title":{"rendered":"Laico Asociado Menesiano"},"content":{"rendered":"<div class=\"pt-cv-wrapper\"><div class=\"pt-cv-view pt-cv-grid pt-cv-colsys\" id=\"pt-cv-view-fc28fcd624\"><div data-id=\"pt-cv-page-1\" class=\"pt-cv-page\" data-cvc=\"3\"><div class=\"col-md-4 col-sm-6 col-xs-12 pt-cv-content-item pt-cv-1-col\" ><div class='pt-cv-ifield'><a href=\"https:\/\/menesianosoy.org\/index.php\/2024\/10\/02\/4-bloque\/\" class=\"_self pt-cv-href-thumbnail pt-cv-thumb-default\" target=\"_self\" ><\/a>\n<h4 class=\"pt-cv-title\"><a href=\"https:\/\/menesianosoy.org\/index.php\/2024\/10\/02\/4-bloque\/\" class=\"_self\" target=\"_self\" >4\u00b0 Bloque<\/a><\/h4>\n<div class=\"pt-cv-content\">4-Entrega-Estatutos-de-la-Asociacion-Laicos-Menesiano-AsociadosDescarga En-Modo-Familia-Menesiana.-Circular-317-Anexo-4Descarga ...<br \/><div class=\"pt-cv-rmwrap\"><a href=\"https:\/\/menesianosoy.org\/index.php\/2024\/10\/02\/4-bloque\/\" class=\"_self pt-cv-readmore btn btn-success\" target=\"_self\">Leer M\u00e1s<\/a><\/div><\/div><\/div><\/div>\n<div class=\"col-md-4 col-sm-6 col-xs-12 pt-cv-content-item pt-cv-1-col\" ><div class='pt-cv-ifield'><a href=\"https:\/\/menesianosoy.org\/index.php\/2024\/10\/02\/3-bloque\/\" class=\"_self pt-cv-href-thumbnail pt-cv-thumb-default\" target=\"_self\" ><\/a>\n<h4 class=\"pt-cv-title\"><a href=\"https:\/\/menesianosoy.org\/index.php\/2024\/10\/02\/3-bloque\/\" class=\"_self\" target=\"_self\" >3\u00b0 bloque<\/a><\/h4>\n<div class=\"pt-cv-content\">Discernimiento-LAM-Entrega-3.docxDescarga Entrega-3-anexo.docxDescarga ...<br \/><div class=\"pt-cv-rmwrap\"><a href=\"https:\/\/menesianosoy.org\/index.php\/2024\/10\/02\/3-bloque\/\" class=\"_self pt-cv-readmore btn btn-success\" target=\"_self\">Leer M\u00e1s<\/a><\/div><\/div><\/div><\/div>\n<div class=\"col-md-4 col-sm-6 col-xs-12 pt-cv-content-item pt-cv-1-col\" ><div class='pt-cv-ifield'><a href=\"https:\/\/menesianosoy.org\/index.php\/2024\/10\/02\/2-entrega-de-material\/\" class=\"_self pt-cv-href-thumbnail pt-cv-thumb-default\" target=\"_self\" ><\/a>\n<h4 class=\"pt-cv-title\"><a href=\"https:\/\/menesianosoy.org\/index.php\/2024\/10\/02\/2-entrega-de-material\/\" class=\"_self\" target=\"_self\" >2\u00b0 Bloque<\/a><\/h4>\n<div class=\"pt-cv-content\">Discernimiento-LAM-Entrega-2.docxDescarga Anexo-2-LAM.docxDescarga ...<br \/><div class=\"pt-cv-rmwrap\"><a href=\"https:\/\/menesianosoy.org\/index.php\/2024\/10\/02\/2-entrega-de-material\/\" class=\"_self pt-cv-readmore btn btn-success\" target=\"_self\">Leer M\u00e1s<\/a><\/div><\/div><\/div><\/div>\n<div class=\"col-md-4 col-sm-6 col-xs-12 pt-cv-content-item pt-cv-1-col\" ><div class='pt-cv-ifield'><a href=\"https:\/\/menesianosoy.org\/index.php\/2024\/03\/21\/itinerario-lam\/\" class=\"_self pt-cv-href-thumbnail pt-cv-thumb-default\" target=\"_self\" ><\/a>\n<h4 class=\"pt-cv-title\"><a href=\"https:\/\/menesianosoy.org\/index.php\/2024\/03\/21\/itinerario-lam\/\" class=\"_self\" target=\"_self\" >1\u00b0 Bloque<\/a><\/h4>\n<div class=\"pt-cv-content\">Primer Entrega \u201cSe\u00f1or ay\u00fadame a descubrir y vivir la universal vocaci\u00f3n a la santidad en la perfecci\u00f3n del amor\u201d.\u00a0 Discernimiento-LAM.-Entrega-1Descarga ...<br \/><div class=\"pt-cv-rmwrap\"><a href=\"https:\/\/menesianosoy.org\/index.php\/2024\/03\/21\/itinerario-lam\/\" class=\"_self pt-cv-readmore btn btn-success\" target=\"_self\">Leer M\u00e1s<\/a><\/div><\/div><\/div><\/div><\/div><\/div><\/div>\n","protected":false},"excerpt":{"rendered":"","protected":false},"author":1,"featured_media":0,"parent":0,"menu_order":0,"comment_status":"closed","ping_status":"closed","template":"","meta":{"_acf_changed":false,"footnotes":""},"class_list":["post-44","page","type-page","status-publish","hentry"],"acf":[],"_links":{"self":[{"href":"https:\/\/menesianosoy.org\/index.php\/wp-json\/wp\/v2\/pages\/44","targetHints":{"allow":["GET"]}}],"collection":[{"href":"https:\/\/menesianosoy.org\/index.php\/wp-json\/wp\/v2\/pages"}],"about":[{"href":"https:\/\/menesianosoy.org\/index.php\/wp-json\/wp\/v2\/types\/page"}],"author":[{"embeddable":true,"href":"https:\/\/menesianosoy.org\/index.php\/wp-json\/wp\/v2\/users\/1"}],"replies":[{"embeddable":true,"href":"https:\/\/menesianosoy.org\/index.php\/wp-json\/wp\/v2\/comments?post=44"}],"version-history":[{"count":2,"href":"https:\/\/menesianosoy.org\/index.php\/wp-json\/wp\/v2\/pages\/44\/revisions"}],"predecessor-version":[{"id":217,"href":"https:\/\/menesianosoy.org\/index.php\/wp-json\/wp\/v2\/pages\/44\/revisions\/217"}],"wp:attachment":[{"href":"https:\/\/menesianosoy.org\/index.php\/wp-json\/wp\/v2\/media?parent=44"}],"curies":[{"name":"wp","href":"https:\/\/api.w.org\/{rel}","templated":true}]}}