{"id":505,"date":"2023-07-26T19:37:26","date_gmt":"2023-07-26T22:37:26","guid":{"rendered":"https:\/\/menesianosoy.org\/?page_id=505"},"modified":"2023-07-26T19:37:27","modified_gmt":"2023-07-26T22:37:27","slug":"cartas-del-superior-general-2","status":"publish","type":"page","link":"https:\/\/menesianosoy.org\/index.php\/cartas-del-superior-general-2\/","title":{"rendered":"Laudes"},"content":{"rendered":"<div class=\"pt-cv-wrapper\"><div class=\"pt-cv-view pt-cv-grid pt-cv-colsys\" id=\"pt-cv-view-18e1160d0t\"><div data-id=\"pt-cv-page-1\" class=\"pt-cv-page\" data-cvc=\"3\"><div class=\"col-md-4 col-sm-6 col-xs-12 pt-cv-content-item pt-cv-1-col\" ><div class='pt-cv-ifield'><a href=\"https:\/\/menesianosoy.org\/index.php\/2025\/09\/10\/auray-retiro-fundacional\/\" class=\"_self pt-cv-href-thumbnail pt-cv-thumb-default\" target=\"_self\" ><img loading=\"lazy\" decoding=\"async\" width=\"300\" height=\"191\" src=\"https:\/\/menesianosoy.org\/wp-content\/uploads\/2024\/09\/descarga-2-300x191.png\" class=\"pt-cv-thumbnail\" alt=\"\" srcset=\"https:\/\/menesianosoy.org\/wp-content\/uploads\/2024\/09\/descarga-2-300x191.png 300w, https:\/\/menesianosoy.org\/wp-content\/uploads\/2024\/09\/descarga-2.png 500w\" sizes=\"auto, (max-width: 300px) 85vw, 300px\" \/><\/a>\n<h4 class=\"pt-cv-title\"><a href=\"https:\/\/menesianosoy.org\/index.php\/2025\/09\/10\/auray-retiro-fundacional\/\" class=\"_self\" target=\"_self\" >Auray (retiro fundacional)<\/a><\/h4>\n<div class=\"pt-cv-content\">AMBIENTACI\u00d3N Auray, era el centro de gravedad del Instituto de los Hermanos; y por eso los dos superiores decidieron reunirlos ...<br \/><div class=\"pt-cv-rmwrap\"><a href=\"https:\/\/menesianosoy.org\/index.php\/2025\/09\/10\/auray-retiro-fundacional\/\" class=\"_self pt-cv-readmore btn btn-success\" target=\"_self\">Leer M\u00e1s<\/a><\/div><\/div><\/div><\/div>\n<div class=\"col-md-4 col-sm-6 col-xs-12 pt-cv-content-item pt-cv-1-col\" ><div class='pt-cv-ifield'><a href=\"https:\/\/menesianosoy.org\/index.php\/2025\/06\/12\/imagenes-de-dios\/\" class=\"_self pt-cv-href-thumbnail pt-cv-thumb-default\" target=\"_self\" ><img loading=\"lazy\" decoding=\"async\" width=\"241\" height=\"300\" src=\"https:\/\/menesianosoy.org\/wp-content\/uploads\/2024\/05\/1550077276-241x300.jpg\" class=\"pt-cv-thumbnail\" alt=\"\" srcset=\"https:\/\/menesianosoy.org\/wp-content\/uploads\/2024\/05\/1550077276-241x300.jpg 241w, https:\/\/menesianosoy.org\/wp-content\/uploads\/2024\/05\/1550077276.jpg 450w\" sizes=\"auto, (max-width: 241px) 85vw, 241px\" \/><\/a>\n<h4 class=\"pt-cv-title\"><a href=\"https:\/\/menesianosoy.org\/index.php\/2025\/06\/12\/imagenes-de-dios\/\" class=\"_self\" target=\"_self\" >Im\u00e1genes de Dios<\/a><\/h4>\n<div class=\"pt-cv-content\">AMBIENTACI\u00d3N \u201cDios me ha hecho para su gloria, por lo tanto, puedo dirigir hacia \u00e9l todas mis acciones, consagrarle todo ...<br \/><div class=\"pt-cv-rmwrap\"><a href=\"https:\/\/menesianosoy.org\/index.php\/2025\/06\/12\/imagenes-de-dios\/\" class=\"_self pt-cv-readmore btn btn-success\" target=\"_self\">Leer M\u00e1s<\/a><\/div><\/div><\/div><\/div>\n<div class=\"col-md-4 col-sm-6 col-xs-12 pt-cv-content-item pt-cv-1-col\" ><div class='pt-cv-ifield'><a href=\"https:\/\/menesianosoy.org\/index.php\/2025\/05\/02\/san-jose-2\/\" class=\"_self pt-cv-href-thumbnail pt-cv-thumb-default\" target=\"_self\" ><img loading=\"lazy\" decoding=\"async\" width=\"300\" height=\"200\" src=\"https:\/\/menesianosoy.org\/wp-content\/uploads\/2025\/05\/san-jose-santa-teresa-120324-300x200.jpg\" class=\"pt-cv-thumbnail\" alt=\"\" srcset=\"https:\/\/menesianosoy.org\/wp-content\/uploads\/2025\/05\/san-jose-santa-teresa-120324-300x200.jpg 300w, https:\/\/menesianosoy.org\/wp-content\/uploads\/2025\/05\/san-jose-santa-teresa-120324.jpg 500w\" sizes=\"auto, (max-width: 300px) 85vw, 300px\" \/><\/a>\n<h4 class=\"pt-cv-title\"><a href=\"https:\/\/menesianosoy.org\/index.php\/2025\/05\/02\/san-jose-2\/\" class=\"_self\" target=\"_self\" >San Jos\u00e9<\/a><\/h4>\n<div class=\"pt-cv-content\">AMBIENTACI\u00d3N Entremos en la escuela de San Jos\u00e9\u2026 Como \u00e9l, formemos familia con Jes\u00fas y Mar\u00eda\u2026 Si, siguiendo su ejemplo ...<br \/><div class=\"pt-cv-rmwrap\"><a href=\"https:\/\/menesianosoy.org\/index.php\/2025\/05\/02\/san-jose-2\/\" class=\"_self pt-cv-readmore btn btn-success\" target=\"_self\">Leer M\u00e1s<\/a><\/div><\/div><\/div><\/div>\n<div class=\"col-md-4 col-sm-6 col-xs-12 pt-cv-content-item pt-cv-1-col\" ><div class='pt-cv-ifield'><a href=\"https:\/\/menesianosoy.org\/index.php\/2025\/03\/25\/jovenes\/\" class=\"_self pt-cv-href-thumbnail pt-cv-thumb-default\" target=\"_self\" ><img loading=\"lazy\" decoding=\"async\" width=\"300\" height=\"200\" src=\"https:\/\/menesianosoy.org\/wp-content\/uploads\/2025\/03\/IMG_3447-2-1200x800-1-300x200.jpg\" class=\"pt-cv-thumbnail\" alt=\"\" srcset=\"https:\/\/menesianosoy.org\/wp-content\/uploads\/2025\/03\/IMG_3447-2-1200x800-1-300x200.jpg 300w, https:\/\/menesianosoy.org\/wp-content\/uploads\/2025\/03\/IMG_3447-2-1200x800-1-1024x683.jpg 1024w, https:\/\/menesianosoy.org\/wp-content\/uploads\/2025\/03\/IMG_3447-2-1200x800-1-768x512.jpg 768w, https:\/\/menesianosoy.org\/wp-content\/uploads\/2025\/03\/IMG_3447-2-1200x800-1.jpg 1200w\" sizes=\"auto, (max-width: 300px) 85vw, 300px\" \/><\/a>\n<h4 class=\"pt-cv-title\"><a href=\"https:\/\/menesianosoy.org\/index.php\/2025\/03\/25\/jovenes\/\" class=\"_self\" target=\"_self\" >J\u00f3venes<\/a><\/h4>\n<div class=\"pt-cv-content\">AMBIENTACI\u00d3N \u00a1S\u00f3lo yo s\u00e9 cu\u00e1nto los amaba (a los estudiantes)! Cuando visitaba esta escuela, tomaba la lista de los estudiantes ...<br \/><div class=\"pt-cv-rmwrap\"><a href=\"https:\/\/menesianosoy.org\/index.php\/2025\/03\/25\/jovenes\/\" class=\"_self pt-cv-readmore btn btn-success\" target=\"_self\">Leer M\u00e1s<\/a><\/div><\/div><\/div><\/div>\n<div class=\"col-md-4 col-sm-6 col-xs-12 pt-cv-content-item pt-cv-1-col\" ><div class='pt-cv-ifield'><a href=\"https:\/\/menesianosoy.org\/index.php\/2025\/01\/23\/celo-apostolico-ii\/\" class=\"_self pt-cv-href-thumbnail pt-cv-thumb-default\" target=\"_self\" ><img loading=\"lazy\" decoding=\"async\" width=\"263\" height=\"192\" src=\"https:\/\/menesianosoy.org\/wp-content\/uploads\/2025\/01\/77649906_1606825650313.png\" class=\"pt-cv-thumbnail\" alt=\"\" \/><\/a>\n<h4 class=\"pt-cv-title\"><a href=\"https:\/\/menesianosoy.org\/index.php\/2025\/01\/23\/celo-apostolico-ii\/\" class=\"_self\" target=\"_self\" >Celo Apost\u00f3lico II<\/a><\/h4>\n<div class=\"pt-cv-content\">Prosigan, pues, hijos m\u00edos, prosigan con ardor la obra verdaderamente bella que han emprendido desde hace ya tantos a\u00f1os. Aumenten ...<br \/><div class=\"pt-cv-rmwrap\"><a href=\"https:\/\/menesianosoy.org\/index.php\/2025\/01\/23\/celo-apostolico-ii\/\" class=\"_self pt-cv-readmore btn btn-success\" target=\"_self\">Leer M\u00e1s<\/a><\/div><\/div><\/div><\/div>\n<div class=\"col-md-4 col-sm-6 col-xs-12 pt-cv-content-item pt-cv-1-col\" ><div class='pt-cv-ifield'><a href=\"https:\/\/menesianosoy.org\/index.php\/2025\/01\/06\/imagenes-de-jesucristo\/\" class=\"_self pt-cv-href-thumbnail pt-cv-thumb-default\" target=\"_self\" ><img loading=\"lazy\" decoding=\"async\" width=\"238\" height=\"300\" src=\"https:\/\/menesianosoy.org\/wp-content\/uploads\/2025\/01\/Jesus-238x300.jpg\" class=\"pt-cv-thumbnail\" alt=\"\" srcset=\"https:\/\/menesianosoy.org\/wp-content\/uploads\/2025\/01\/Jesus-238x300.jpg 238w, https:\/\/menesianosoy.org\/wp-content\/uploads\/2025\/01\/Jesus.jpg 640w\" sizes=\"auto, (max-width: 238px) 85vw, 238px\" \/><\/a>\n<h4 class=\"pt-cv-title\"><a href=\"https:\/\/menesianosoy.org\/index.php\/2025\/01\/06\/imagenes-de-jesucristo\/\" class=\"_self\" target=\"_self\" >Im\u00e1genes de Jesucristo<\/a><\/h4>\n<div class=\"pt-cv-content\">\u201cS\u00ed, lo espero, van a llegar a ser lo que no han sido hasta ahora, verdaderos cristianos, cuyas palabras ser\u00e1n ...<br \/><div class=\"pt-cv-rmwrap\"><a href=\"https:\/\/menesianosoy.org\/index.php\/2025\/01\/06\/imagenes-de-jesucristo\/\" class=\"_self pt-cv-readmore btn btn-success\" target=\"_self\">Leer M\u00e1s<\/a><\/div><\/div><\/div><\/div>\n<div class=\"col-md-4 col-sm-6 col-xs-12 pt-cv-content-item pt-cv-1-col\" ><div class='pt-cv-ifield'><a href=\"https:\/\/menesianosoy.org\/index.php\/2024\/12\/20\/pastores\/\" class=\"_self pt-cv-href-thumbnail pt-cv-thumb-default\" target=\"_self\" ><img loading=\"lazy\" decoding=\"async\" width=\"300\" height=\"179\" src=\"https:\/\/menesianosoy.org\/wp-content\/uploads\/2024\/12\/pastores2_1-300x179.jpg\" class=\"pt-cv-thumbnail\" alt=\"\" srcset=\"https:\/\/menesianosoy.org\/wp-content\/uploads\/2024\/12\/pastores2_1-300x179.jpg 300w, https:\/\/menesianosoy.org\/wp-content\/uploads\/2024\/12\/pastores2_1.jpg 500w\" sizes=\"auto, (max-width: 300px) 85vw, 300px\" \/><\/a>\n<h4 class=\"pt-cv-title\"><a href=\"https:\/\/menesianosoy.org\/index.php\/2024\/12\/20\/pastores\/\" class=\"_self\" target=\"_self\" >Pastores<\/a><\/h4>\n<div class=\"pt-cv-content\">AMBIENTACI\u00d3N El nacimiento del Salvador es anunciado a los pobres pastores, hombres sencillos y honrados que creen sin dificultad porque ...<br \/><div class=\"pt-cv-rmwrap\"><a href=\"https:\/\/menesianosoy.org\/index.php\/2024\/12\/20\/pastores\/\" class=\"_self pt-cv-readmore btn btn-success\" target=\"_self\">Leer M\u00e1s<\/a><\/div><\/div><\/div><\/div>\n<div class=\"col-md-4 col-sm-6 col-xs-12 pt-cv-content-item pt-cv-1-col\" ><div class='pt-cv-ifield'><a href=\"https:\/\/menesianosoy.org\/index.php\/2024\/09\/19\/educacion\/\" class=\"_self pt-cv-href-thumbnail pt-cv-thumb-default\" target=\"_self\" ><img loading=\"lazy\" decoding=\"async\" width=\"300\" height=\"200\" src=\"https:\/\/menesianosoy.org\/wp-content\/uploads\/2024\/09\/istockphoto-534039216-612x612-1.jpg\" class=\"pt-cv-thumbnail\" alt=\"\" \/><\/a>\n<h4 class=\"pt-cv-title\"><a href=\"https:\/\/menesianosoy.org\/index.php\/2024\/09\/19\/educacion\/\" class=\"_self\" target=\"_self\" >Educaci\u00f3n<\/a><\/h4>\n<div class=\"pt-cv-content\">Entre sus disc\u00edpulos, la religi\u00f3n escoge aquellos que est\u00e1n m\u00e1s profundamente penetrados de su esp\u00edritu y les distribuye, en cierto ...<br \/><div class=\"pt-cv-rmwrap\"><a href=\"https:\/\/menesianosoy.org\/index.php\/2024\/09\/19\/educacion\/\" class=\"_self pt-cv-readmore btn btn-success\" target=\"_self\">Leer M\u00e1s<\/a><\/div><\/div><\/div><\/div>\n<div class=\"col-md-4 col-sm-6 col-xs-12 pt-cv-content-item pt-cv-1-col\" ><div class='pt-cv-ifield'><a href=\"https:\/\/menesianosoy.org\/index.php\/2024\/08\/31\/paternidad-carismatica\/\" class=\"_self pt-cv-href-thumbnail pt-cv-thumb-default\" target=\"_self\" ><img loading=\"lazy\" decoding=\"async\" width=\"300\" height=\"217\" src=\"https:\/\/menesianosoy.org\/wp-content\/uploads\/2024\/08\/TO-29-A-Fano-ama-a-Dios-y-projimo-como-a-ti-mismo.jpg\" class=\"pt-cv-thumbnail\" alt=\"\" \/><\/a>\n<h4 class=\"pt-cv-title\"><a href=\"https:\/\/menesianosoy.org\/index.php\/2024\/08\/31\/paternidad-carismatica\/\" class=\"_self\" target=\"_self\" >Paternidad carism\u00e1tica<\/a><\/h4>\n<div class=\"pt-cv-content\">S\u00ed, hijos m\u00edos, los amo en Jesucristo, por Jesucristo; tengo sed, y puedo hablar as\u00ed de su dicha y salvaci\u00f3n; ...<br \/><div class=\"pt-cv-rmwrap\"><a href=\"https:\/\/menesianosoy.org\/index.php\/2024\/08\/31\/paternidad-carismatica\/\" class=\"_self pt-cv-readmore btn btn-success\" target=\"_self\">Leer M\u00e1s<\/a><\/div><\/div><\/div><\/div><\/div><\/div>\n<div class=\" pt-cv-pagination-wrapper\"><ul class=\"pt-cv-pagination pt-cv-ajax pagination\" data-totalpages=\"7\" data-currentpage=\"1\" data-sid=\"18e1160d0t\" data-unid=\"\" data-isblock=\"\" data-postid=\"\"><li class=\"active\"><a href=\"#\">1<\/a><\/li>\n\t<li ><a class=\"\" href=\"https:\/\/menesianosoy.org\/index.php\/wp-json\/wp\/v2\/pages\/505\/?_page=2\">2<\/a><\/li>\n\t<li ><a class=\"\" href=\"https:\/\/menesianosoy.org\/index.php\/wp-json\/wp\/v2\/pages\/505\/?_page=3\">3<\/a><\/li>\n\t<li ><a href=\"#\">&hellip;<\/a><\/li>\n\t<li ><a class=\"\" href=\"https:\/\/menesianosoy.org\/index.php\/wp-json\/wp\/v2\/pages\/505\/?_page=7\">7<\/a><\/li>\n\t<li ><a class=\" \" href=\"https:\/\/menesianosoy.org\/index.php\/wp-json\/wp\/v2\/pages\/505\/?_page=2\">&rsaquo;<\/a><\/li>\n\t<\/ul><img loading=\"lazy\" decoding=\"async\" width=\"15\" height=\"15\" class=\"pt-cv-spinner\" alt=\"Cargando...\" src=\"data:image\/gif;base64,R0lGODlhDwAPALMPAMrKygwMDJOTkz09PZWVla+vr3p6euTk5M7OzuXl5TMzMwAAAJmZmWZmZszMzP\/\/\/yH\/C05FVFNDQVBFMi4wAwEAAAAh+QQFCgAPACwAAAAADwAPAAAEQvDJaZaZOIcV8iQK8VRX4iTYoAwZ4iCYoAjZ4RxejhVNoT+mRGP4cyF4Pp0N98sBGIBMEMOotl6YZ3S61Bmbkm4mAgAh+QQFCgAPACwAAAAADQANAAAENPDJSRSZeA418itN8QiK8BiLITVsFiyBBIoYqnoewAD4xPw9iY4XLGYSjkQR4UAUD45DLwIAIfkEBQoADwAsAAAAAA8ACQAABC\/wyVlamTi3nSdgwFNdhEJgTJoNyoB9ISYoQmdjiZPcj7EYCAeCF1gEDo4Dz2eIAAAh+QQFCgAPACwCAAAADQANAAAEM\/DJBxiYeLKdX3IJZT1FU0iIg2RNKx3OkZVnZ98ToRD4MyiDnkAh6BkNC0MvsAj0kMpHBAAh+QQFCgAPACwGAAAACQAPAAAEMDC59KpFDll73HkAA2wVY5KgiK5b0RRoI6MuzG6EQqCDMlSGheEhUAgqgUUAFRySIgAh+QQFCgAPACwCAAIADQANAAAEM\/DJKZNLND\/kkKaHc3xk+QAMYDKsiaqmZCxGVjSFFCxB1vwy2oOgIDxuucxAMTAJFAJNBAAh+QQFCgAPACwAAAYADwAJAAAEMNAs86q1yaWwwv2Ig0jUZx3OYa4XoRAfwADXoAwfo1+CIjyFRuEho60aSNYlOPxEAAAh+QQFCgAPACwAAAIADQANAAAENPA9s4y8+IUVcqaWJ4qEQozSoAzoIyhCK2NFU2SJk0hNnyEOhKR2AzAAj4Pj4GE4W0bkJQIAOw==\" \/><div class=\"clear pt-cv-clear-pagination\"><\/div><\/div><\/div>\n","protected":false},"excerpt":{"rendered":"","protected":false},"author":1,"featured_media":0,"parent":0,"menu_order":0,"comment_status":"closed","ping_status":"closed","template":"","meta":{"_acf_changed":false,"footnotes":""},"class_list":["post-505","page","type-page","status-publish","hentry"],"acf":[],"_links":{"self":[{"href":"https:\/\/menesianosoy.org\/index.php\/wp-json\/wp\/v2\/pages\/505","targetHints":{"allow":["GET"]}}],"collection":[{"href":"https:\/\/menesianosoy.org\/index.php\/wp-json\/wp\/v2\/pages"}],"about":[{"href":"https:\/\/menesianosoy.org\/index.php\/wp-json\/wp\/v2\/types\/page"}],"author":[{"embeddable":true,"href":"https:\/\/menesianosoy.org\/index.php\/wp-json\/wp\/v2\/users\/1"}],"replies":[{"embeddable":true,"href":"https:\/\/menesianosoy.org\/index.php\/wp-json\/wp\/v2\/comments?post=505"}],"version-history":[{"count":1,"href":"https:\/\/menesianosoy.org\/index.php\/wp-json\/wp\/v2\/pages\/505\/revisions"}],"predecessor-version":[{"id":506,"href":"https:\/\/menesianosoy.org\/index.php\/wp-json\/wp\/v2\/pages\/505\/revisions\/506"}],"wp:attachment":[{"href":"https:\/\/menesianosoy.org\/index.php\/wp-json\/wp\/v2\/media?parent=505"}],"curies":[{"name":"wp","href":"https:\/\/api.w.org\/{rel}","templated":true}]}}